{"id":411,"date":"2022-09-06T20:47:39","date_gmt":"2022-09-06T20:47:39","guid":{"rendered":"https:\/\/www.hostingscams.com\/?page_id=411"},"modified":"2023-02-22T17:36:06","modified_gmt":"2023-02-22T17:36:06","slug":"windscribe","status":"publish","type":"page","link":"https:\/\/www.hostingscams.com\/de\/windscribe\/","title":{"rendered":"Windscribe Erfahrungen: Betrug oder seri\u00f6s?"},"content":{"rendered":"<p><img decoding=\"async\" src=\"https:\/\/www.hostingscams.com\/wp-content\/uploads\/2022\/09\/windscribe-300x151.png\" alt=\"Windscribe\" width=\"300\" height=\"151\" class=\"alignright size-medium wp-image-201\" srcset=\"https:\/\/www.hostingscams.com\/wp-content\/uploads\/2022\/09\/windscribe-300x151.png 300w, https:\/\/www.hostingscams.com\/wp-content\/uploads\/2022\/09\/windscribe-1024x515.png 1024w, https:\/\/www.hostingscams.com\/wp-content\/uploads\/2022\/09\/windscribe-768x386.png 768w, https:\/\/www.hostingscams.com\/wp-content\/uploads\/2022\/09\/windscribe-1536x773.png 1536w, https:\/\/www.hostingscams.com\/wp-content\/uploads\/2022\/09\/windscribe-2048x1030.png 2048w\" sizes=\"(max-width: 300px) 100vw, 300px\" \/>Windscribe ist ein bekannter und beliebter VPN aus Kanada.<\/p>\n<p>Ist Windscribe Betrug oder Abzocke?<\/p>\n<p>Nein, nach unseren Erfahrungen und unserem Test k\u00f6nnen wir sagen, dass <strong>Windscribe seri\u00f6s und sicher ist<\/strong>.<\/p>\n<p>Teilen Sie Ihre Erfahrung mit Windscribe und <a href=\"#comments\">schreiben Sie einen Kommentar<\/a> unter diesem Test.<\/p>\n<h2 id=\"about\">\u00dcber Windscribe<\/h2>\n<p>Dies ist ein kompakter \u00dcberblick mit allen wissenswerten Informationen \u00fcber Windscribe:<\/p>\n<table>\n<caption><u>\u00dcberblick \u00fcber Windscribe<\/u><\/caption>\n<tbody>\n<tr>\n<th>Name<\/th>\n<td>Windscribe<\/td>\n<\/tr>\n<tr>\n<th>Webseite<\/th>\n<td><a href=\"https:\/\/deu.windscribe.com\/\" target=\"_blank\" rel=\"noopener\">windscribe.com<\/a><\/td>\n<\/tr>\n<tr>\n<th>Unternehmen<\/th>\n<td>Windscribe Limited<\/td>\n<\/tr>\n<tr>\n<th>Adresse<\/th>\n<td>555 Richmond St W, Toronto, ON M5V 3B1, Kanada<\/td>\n<\/tr>\n<tr>\n<th>Gesch\u00e4ftsf\u00fchrer<\/th>\n<td>Geoff Pesos<\/td>\n<\/tr>\n<tr>\n<th>Gr\u00fcnder<\/th>\n<td>Alex Paguis, Yegor Sak<\/td>\n<\/tr>\n<tr>\n<th>Gr\u00fcndung<\/th>\n<td>2016<\/td>\n<\/tr>\n<tr>\n<th>Kontakt<\/th>\n<td>Live Chat, Kontaktformular, Mail<\/td>\n<\/tr>\n<tr>\n<th>Services<\/th>\n<td>VPN, Dedizierte IP<\/td>\n<\/tr>\n<tr>\n<th>Standorte<\/th>\n<td>178 Standorte in 69 L\u00e4ndern<\/td>\n<\/tr>\n<tr>\n<th>Software<\/th>\n<td>Windows, macOS, Linux, iOS, Android, Router<\/td>\n<\/tr>\n<tr>\n<th>Browsererweiterung<\/th>\n<td>Chrome, Firefox<\/td>\n<\/tr>\n<tr>\n<th>andere Ger\u00e4te<\/th>\n<td>Amazon Fire Stick, Huawei<\/td>\n<\/tr>\n<tr>\n<th>Preis<\/th>\n<td>kostenlos mit eingeschr\u00e4nkter Auswahl an Standorten, $1,00 pro Monat und Standort in dem &#8222;build a plan&#8220;-Abo, $5,75 pro Monat in dem Jahres-Abo, $9,00 pro Monat in dem Monats-Abo, weitere Pl\u00e4ne f\u00fcr Teams und Dedizierte IPs verf\u00fcgbar<\/td>\n<\/tr>\n<tr>\n<th>Zahlungsmethoden<\/th>\n<td>Kreditkarte, PayPal, Bitcoin<\/td>\n<\/tr>\n<tr>\n<th>Gutschein<\/th>\n<td>aktuell ist kein Gutschein verf\u00fcgbar<\/td>\n<\/tr>\n<tr>\n<th>Sprachen<\/th>\n<td>Deutsch, Englisch, \u00c4gyptisch, Chinesisch, Niederl\u00e4ndisch, Franz\u00f6sisch, Hindi, Italienisch, Portugiesisch, Russisch, Schwedisch, Spanisch, T\u00fcrkisch, Japanisch, Indonesisch, Koreanisch, Vietnamesisch, Thai<\/td>\n<\/tr>\n<\/tbody>\n<\/table>\n","protected":false},"excerpt":{"rendered":"<p>Windscribe ist ein bekannter und beliebter VPN aus Kanada. Ist Windscribe Betrug oder Abzocke? Nein, nach unseren Erfahrungen und unserem Test k\u00f6nnen wir sagen, dass Windscribe seri\u00f6s und sicher ist. Teilen Sie Ihre Erfahrung mit Windscribe und schreiben Sie einen Kommentar unter diesem Test. \u00dcber Windscribe Dies ist ein kompakter \u00dcberblick mit allen wissenswerten Informationen &#8230; <a title=\"Windscribe Erfahrungen: Betrug oder seri\u00f6s?\" class=\"read-more\" href=\"https:\/\/www.hostingscams.com\/de\/windscribe\/\" aria-label=\"Mehr Informationen \u00fcber Windscribe Erfahrungen: Betrug oder seri\u00f6s?\">Weiterlesen<\/a><\/p>\n","protected":false},"author":2,"featured_media":0,"parent":0,"menu_order":0,"comment_status":"open","ping_status":"closed","template":"","meta":{"footnotes":""},"class_list":["post-411","page","type-page","status-publish"],"_links":{"self":[{"href":"https:\/\/www.hostingscams.com\/de\/wp-json\/wp\/v2\/pages\/411","targetHints":{"allow":["GET"]}}],"collection":[{"href":"https:\/\/www.hostingscams.com\/de\/wp-json\/wp\/v2\/pages"}],"about":[{"href":"https:\/\/www.hostingscams.com\/de\/wp-json\/wp\/v2\/types\/page"}],"author":[{"embeddable":true,"href":"https:\/\/www.hostingscams.com\/de\/wp-json\/wp\/v2\/users\/2"}],"replies":[{"embeddable":true,"href":"https:\/\/www.hostingscams.com\/de\/wp-json\/wp\/v2\/comments?post=411"}],"version-history":[{"count":0,"href":"https:\/\/www.hostingscams.com\/de\/wp-json\/wp\/v2\/pages\/411\/revisions"}],"wp:attachment":[{"href":"https:\/\/www.hostingscams.com\/de\/wp-json\/wp\/v2\/media?parent=411"}],"curies":[{"name":"wp","href":"https:\/\/api.w.org\/{rel}","templated":true}]}}