{"id":410,"date":"2022-09-06T20:47:38","date_gmt":"2022-09-06T20:47:38","guid":{"rendered":"https:\/\/www.hostingscams.com\/?page_id=410"},"modified":"2023-02-22T17:35:05","modified_gmt":"2023-02-22T17:35:05","slug":"vpn-unlimited","status":"publish","type":"page","link":"https:\/\/www.hostingscams.com\/de\/vpn-unlimited\/","title":{"rendered":"VPN Unlimited Erfahrungen: Betrug oder seri\u00f6s?"},"content":{"rendered":"<p><img decoding=\"async\" src=\"https:\/\/www.hostingscams.com\/wp-content\/uploads\/2022\/09\/vpn-unlimited-300x151.png\" alt=\"VPN Unlimited\" width=\"300\" height=\"151\" class=\"alignright size-medium wp-image-199\" srcset=\"https:\/\/www.hostingscams.com\/wp-content\/uploads\/2022\/09\/vpn-unlimited-300x151.png 300w, https:\/\/www.hostingscams.com\/wp-content\/uploads\/2022\/09\/vpn-unlimited-1024x515.png 1024w, https:\/\/www.hostingscams.com\/wp-content\/uploads\/2022\/09\/vpn-unlimited-768x386.png 768w, https:\/\/www.hostingscams.com\/wp-content\/uploads\/2022\/09\/vpn-unlimited-1536x773.png 1536w, https:\/\/www.hostingscams.com\/wp-content\/uploads\/2022\/09\/vpn-unlimited-2048x1030.png 2048w\" sizes=\"(max-width: 300px) 100vw, 300px\" \/>VPN Unlimited ist ein bekannter und beliebter VPN aus den USA.<\/p>\n<p>Ist VPN Unlimited Betrug oder Abzocke?<\/p>\n<p>Nein, nach unseren Erfahrungen und unserem Test k\u00f6nnen wir sagen, dass <strong>VPN Unlimited seri\u00f6s und sicher ist<\/strong>.<\/p>\n<p>Teilen Sie Ihre Erfahrung mit VPN Unlimited und <a href=\"#comments\">schreiben Sie einen Kommentar<\/a> unter diesem Test.<\/p>\n<h2 id=\"about\">\u00dcber VPN Unlimited<\/h2>\n<p>Dies ist ein kompakter \u00dcberblick mit allen wissenswerten Informationen \u00fcber VPN Unlimited:<\/p>\n<table>\n<caption><u>\u00dcberblick \u00fcber VPN Unlimited<\/u><\/caption>\n<tbody>\n<tr>\n<th>Name<\/th>\n<td>VPN Unlimited<\/td>\n<\/tr>\n<tr>\n<th>Webseite<\/th>\n<td><a href=\"https:\/\/www.vpnunlimited.com\/de\/\" target=\"_blank\" rel=\"noopener\">www.vpnunlimited.com<\/a><\/td>\n<\/tr>\n<tr>\n<th>Unternehmen<\/th>\n<td>KeepSolid Inc.<\/td>\n<\/tr>\n<tr>\n<th>Adresse<\/th>\n<td>347 5th Ave 1402 419, New York, NY 10016, USA<\/td>\n<\/tr>\n<tr>\n<th>Gesch\u00e4ftsf\u00fchrer<\/th>\n<td>Vasiliy Ivanov<\/td>\n<\/tr>\n<tr>\n<th>Gr\u00fcnder<\/th>\n<td>Vasiliy Ivanov<\/td>\n<\/tr>\n<tr>\n<th>Gr\u00fcndung<\/th>\n<td>2013<\/td>\n<\/tr>\n<tr>\n<th>Kontakt<\/th>\n<td>Live Chat, Mail<\/td>\n<\/tr>\n<tr>\n<th>Services<\/th>\n<td>VPN, Pers\u00f6nlicher VPN Server, Dedizierte IP<\/td>\n<\/tr>\n<tr>\n<th>Standorte<\/th>\n<td>71 Standorte in 56 L\u00e4ndern<\/td>\n<\/tr>\n<tr>\n<th>Software<\/th>\n<td>Windows, macOS, Linux, iOS, Android, Router, NAS<\/td>\n<\/tr>\n<tr>\n<th>Browsererweiterung<\/th>\n<td>Chrome, Firefox, Opera, Edge<\/td>\n<\/tr>\n<tr>\n<th>andere Ger\u00e4te<\/th>\n<td>Apple TV, Amazon Fire Stick, Roku TV, Chromecast, Kodi<\/td>\n<\/tr>\n<tr>\n<th>Preis<\/th>\n<td>$199,99 f\u00fcr einen lebenslangen Account, $2,78 pro Monat in dem 3-Jahres-Abo, $5,00 pro Monat in dem Jahres-Abo, $9,99 pro Monat in dem Jahres-Abo, 30-Tage Geld zur\u00fcck Garantie, zus\u00e4tzliche Kosten f\u00fcr Addons<\/td>\n<\/tr>\n<tr>\n<th>Zahlungsmethodens<\/th>\n<td>Kreditkarte, PayPal, Bitcoin, Ethereum, Amazon Pay, Apple Pay, Google Pay, Microsoft Pay, WeChat Payments, IDeal, Multibanoc, Mobiamo, Boleto Brazil, Openbucks<\/td>\n<\/tr>\n<tr>\n<th>Gutschein<\/th>\n<td>aktuell ist kein Gutschein verf\u00fcgbar<\/td>\n<\/tr>\n<tr>\n<th>Sprachen<\/th>\n<td>Deutsch, Englisch, Russisch, Spanisch, Franz\u00f6sisch, Ukrainisch, Portugiesisch, Arabisch, Japanisch, Chinesisch, Persisch<\/td>\n<\/tr>\n<\/tbody>\n<\/table>\n","protected":false},"excerpt":{"rendered":"<p>VPN Unlimited ist ein bekannter und beliebter VPN aus den USA. Ist VPN Unlimited Betrug oder Abzocke? Nein, nach unseren Erfahrungen und unserem Test k\u00f6nnen wir sagen, dass VPN Unlimited seri\u00f6s und sicher ist. Teilen Sie Ihre Erfahrung mit VPN Unlimited und schreiben Sie einen Kommentar unter diesem Test. \u00dcber VPN Unlimited Dies ist ein &#8230; <a title=\"VPN Unlimited Erfahrungen: Betrug oder seri\u00f6s?\" class=\"read-more\" href=\"https:\/\/www.hostingscams.com\/de\/vpn-unlimited\/\" aria-label=\"Mehr Informationen \u00fcber VPN Unlimited Erfahrungen: Betrug oder seri\u00f6s?\">Weiterlesen<\/a><\/p>\n","protected":false},"author":2,"featured_media":0,"parent":0,"menu_order":0,"comment_status":"open","ping_status":"closed","template":"","meta":{"footnotes":""},"class_list":["post-410","page","type-page","status-publish"],"_links":{"self":[{"href":"https:\/\/www.hostingscams.com\/de\/wp-json\/wp\/v2\/pages\/410","targetHints":{"allow":["GET"]}}],"collection":[{"href":"https:\/\/www.hostingscams.com\/de\/wp-json\/wp\/v2\/pages"}],"about":[{"href":"https:\/\/www.hostingscams.com\/de\/wp-json\/wp\/v2\/types\/page"}],"author":[{"embeddable":true,"href":"https:\/\/www.hostingscams.com\/de\/wp-json\/wp\/v2\/users\/2"}],"replies":[{"embeddable":true,"href":"https:\/\/www.hostingscams.com\/de\/wp-json\/wp\/v2\/comments?post=410"}],"version-history":[{"count":0,"href":"https:\/\/www.hostingscams.com\/de\/wp-json\/wp\/v2\/pages\/410\/revisions"}],"wp:attachment":[{"href":"https:\/\/www.hostingscams.com\/de\/wp-json\/wp\/v2\/media?parent=410"}],"curies":[{"name":"wp","href":"https:\/\/api.w.org\/{rel}","templated":true}]}}