{"id":409,"date":"2022-09-06T20:47:30","date_gmt":"2022-09-06T20:47:30","guid":{"rendered":"https:\/\/www.hostingscams.com\/?page_id=409"},"modified":"2023-02-22T17:35:08","modified_gmt":"2023-02-22T17:35:08","slug":"tunnelbear","status":"publish","type":"page","link":"https:\/\/www.hostingscams.com\/de\/tunnelbear\/","title":{"rendered":"TunnelBear Erfahrungen: Betrug oder seri\u00f6s?"},"content":{"rendered":"<p><img decoding=\"async\" src=\"https:\/\/www.hostingscams.com\/wp-content\/uploads\/2022\/09\/tunnelbear-300x151.png\" alt=\"\" width=\"300\" height=\"151\" class=\"alignright size-medium wp-image-193\" srcset=\"https:\/\/www.hostingscams.com\/wp-content\/uploads\/2022\/09\/tunnelbear-300x151.png 300w, https:\/\/www.hostingscams.com\/wp-content\/uploads\/2022\/09\/tunnelbear-1024x515.png 1024w, https:\/\/www.hostingscams.com\/wp-content\/uploads\/2022\/09\/tunnelbear-768x386.png 768w, https:\/\/www.hostingscams.com\/wp-content\/uploads\/2022\/09\/tunnelbear-1536x773.png 1536w, https:\/\/www.hostingscams.com\/wp-content\/uploads\/2022\/09\/tunnelbear-2048x1030.png 2048w\" sizes=\"(max-width: 300px) 100vw, 300px\" \/>TunnelBear ist ein bekannter und beliebter VPN aus Kanada.<\/p>\n<p>Ist TunnelBear Betrug oder Abzocke?<\/p>\n<p>Nein, nach unseren Erfahrungen und unserem Test k\u00f6nnen wir sagen, dass <strong>TunnelBear seri\u00f6s und sicher ist<\/strong>.<\/p>\n<p>Teilen Sie Ihre Erfahrung mit TunnelBear und <a href=\"#comments\">schreiben Sie einen Kommentar<\/a> unter diesem Test.<\/p>\n<h2 id=\"about\">\u00dcber TunnelBear<\/h2>\n<p>Dies ist ein kompakter \u00dcberblick mit allen wissenswerten Informationen \u00fcber TunnelBear:<\/p>\n<table>\n<caption><u>\u00dcberblick \u00fcber TunnelBear<\/u><\/caption>\n<tbody>\n<tr>\n<th>Name<\/th>\n<td>TunnelBear<\/td>\n<\/tr>\n<tr>\n<th>Webseite<\/th>\n<td><a href=\"https:\/\/www.tunnelbear.com\/\" target=\"_blank\" rel=\"noopener\">www.tunnelbear.com<\/a><\/td>\n<\/tr>\n<tr>\n<th>Unternehmen<\/th>\n<td>TunnelBear LLC.<\/td>\n<\/tr>\n<tr>\n<th>Adresse<\/th>\n<td>310 Spadina Ave, Suite 200, Toronto, Ontario, M5T 2E7, Kanada<\/td>\n<\/tr>\n<tr>\n<th>Gesch\u00e4ftsf\u00fchrer<\/th>\n<td>unknown<\/td>\n<\/tr>\n<tr>\n<th>Gr\u00fcnder<\/th>\n<td>Daniel Kaldor, Ryan Dochuk<\/td>\n<\/tr>\n<tr>\n<th>Gr\u00fcndung<\/th>\n<td>2011<\/td>\n<\/tr>\n<tr>\n<th>Kontakt<\/th>\n<td>Kontaktformular<\/td>\n<\/tr>\n<tr>\n<th>Services<\/th>\n<td>VPN, TunnelBear Blocker<\/td>\n<\/tr>\n<tr>\n<th>Standorte<\/th>\n<td>62 Standorte in 48 L\u00e4ndern<\/td>\n<\/tr>\n<tr>\n<th>Software<\/th>\n<td>Windows, macOS, Linux, iOS, Android<\/td>\n<\/tr>\n<tr>\n<th>Browsererweiterung<\/th>\n<td>Chrome, Firefox<\/td>\n<\/tr>\n<tr>\n<th>andere Ger\u00e4te<\/th>\n<td>nicht vorhanden<\/td>\n<\/tr>\n<tr>\n<th>Preis<\/th>\n<td>kostenlos bis zu 500MB, $3,33 pro Monat in dem 3-Jahres-Abo, $4,99 pro Monat in dem Jahres-Abo, $9,99 pro Monat in dem Monats-Abo, weitere Abos f\u00fcr Teams verf\u00fcgbar<\/td>\n<\/tr>\n<tr>\n<th>Zahlungsmethoden<\/th>\n<td>Kreditkarte<\/td>\n<\/tr>\n<tr>\n<th>Gutschein<\/th>\n<td>aktuell ist kein Gutschein verf\u00fcgbar<\/td>\n<\/tr>\n<tr>\n<th>Sprachen<\/th>\n<td>Englisch<\/td>\n<\/tr>\n<\/tbody>\n<\/table>\n","protected":false},"excerpt":{"rendered":"<p>TunnelBear ist ein bekannter und beliebter VPN aus Kanada. Ist TunnelBear Betrug oder Abzocke? Nein, nach unseren Erfahrungen und unserem Test k\u00f6nnen wir sagen, dass TunnelBear seri\u00f6s und sicher ist. Teilen Sie Ihre Erfahrung mit TunnelBear und schreiben Sie einen Kommentar unter diesem Test. \u00dcber TunnelBear Dies ist ein kompakter \u00dcberblick mit allen wissenswerten Informationen &#8230; <a title=\"TunnelBear Erfahrungen: Betrug oder seri\u00f6s?\" class=\"read-more\" href=\"https:\/\/www.hostingscams.com\/de\/tunnelbear\/\" aria-label=\"Mehr Informationen \u00fcber TunnelBear Erfahrungen: Betrug oder seri\u00f6s?\">Weiterlesen<\/a><\/p>\n","protected":false},"author":2,"featured_media":0,"parent":0,"menu_order":0,"comment_status":"open","ping_status":"closed","template":"","meta":{"footnotes":""},"class_list":["post-409","page","type-page","status-publish"],"_links":{"self":[{"href":"https:\/\/www.hostingscams.com\/de\/wp-json\/wp\/v2\/pages\/409","targetHints":{"allow":["GET"]}}],"collection":[{"href":"https:\/\/www.hostingscams.com\/de\/wp-json\/wp\/v2\/pages"}],"about":[{"href":"https:\/\/www.hostingscams.com\/de\/wp-json\/wp\/v2\/types\/page"}],"author":[{"embeddable":true,"href":"https:\/\/www.hostingscams.com\/de\/wp-json\/wp\/v2\/users\/2"}],"replies":[{"embeddable":true,"href":"https:\/\/www.hostingscams.com\/de\/wp-json\/wp\/v2\/comments?post=409"}],"version-history":[{"count":0,"href":"https:\/\/www.hostingscams.com\/de\/wp-json\/wp\/v2\/pages\/409\/revisions"}],"wp:attachment":[{"href":"https:\/\/www.hostingscams.com\/de\/wp-json\/wp\/v2\/media?parent=409"}],"curies":[{"name":"wp","href":"https:\/\/api.w.org\/{rel}","templated":true}]}}