{"id":408,"date":"2022-06-13T17:32:37","date_gmt":"2022-06-13T17:32:37","guid":{"rendered":"https:\/\/www.hostingscams.com\/?page_id=408"},"modified":"2023-02-22T17:35:12","modified_gmt":"2023-02-22T17:35:12","slug":"surfshark","status":"publish","type":"page","link":"https:\/\/www.hostingscams.com\/de\/surfshark\/","title":{"rendered":"Surfshark Erfahrungen: Betrug oder seri\u00f6s?"},"content":{"rendered":"<p><img decoding=\"async\" class=\"alignright size-medium wp-image-135\" src=\"https:\/\/www.hostingscams.com\/wp-content\/uploads\/2022\/08\/surfshark-300x146.png\" alt=\"Surfshark\" width=\"300\" height=\"146\" srcset=\"https:\/\/www.hostingscams.com\/wp-content\/uploads\/2022\/08\/surfshark-300x146.png 300w, https:\/\/www.hostingscams.com\/wp-content\/uploads\/2022\/08\/surfshark-1024x500.png 1024w, https:\/\/www.hostingscams.com\/wp-content\/uploads\/2022\/08\/surfshark-768x375.png 768w, https:\/\/www.hostingscams.com\/wp-content\/uploads\/2022\/08\/surfshark-1536x750.png 1536w, https:\/\/www.hostingscams.com\/wp-content\/uploads\/2022\/08\/surfshark.png 1920w\" sizes=\"(max-width: 300px) 100vw, 300px\" \/>Surfshark ist ein bekannter und beliebter VPN aus den Niederlanden.<\/p>\n<p>Ist Surfshark Betrug oder Abzocke?<\/p>\n<p>Nein, nach unseren Erfahrungen und unserem Test k\u00f6nnen wir sagen, dass <strong>Surfshark seri\u00f6s und sicher ist<\/strong>.<\/p>\n<p>Teilen Sie Ihre Erfahrung mit Surfshark und <a href=\"#comments\">schreiben Sie einen Kommentar<\/a> unter diesem Test.<\/p>\n<h2 id=\"about\">\u00dcber Surfshark<\/h2>\n<p>Dies ist ein kompakter \u00dcberblick mit allen wissenswerten Informationen \u00fcber Surfshark:<\/p>\n<table>\n<caption><u>\u00dcberblick \u00fcber Surfshark<\/u><\/caption>\n<tbody>\n<tr>\n<th>Name<\/th>\n<td>Surfshark<\/td>\n<\/tr>\n<tr>\n<th>Webseite<\/th>\n<td><a href=\"https:\/\/surfshark.com\/de\/\" target=\"_blank\" rel=\"noopener\">surfshark.com<\/a><\/td>\n<\/tr>\n<tr>\n<th>Unternehmen<\/th>\n<td>Surfshark B.V.<\/td>\n<\/tr>\n<tr>\n<th>Adresse<\/th>\n<td>Kabelweg 57, 1014 BA Amsterdam, Niederlande<\/td>\n<\/tr>\n<tr>\n<th>Gesch\u00e4ftsf\u00fchrer<\/th>\n<td>Vytautas Kaziukonis<\/td>\n<\/tr>\n<tr>\n<th>Gr\u00fcnder<\/th>\n<td>Surfshark<\/td>\n<\/tr>\n<tr>\n<th>Gr\u00fcndung<\/th>\n<td>2018<\/td>\n<\/tr>\n<tr>\n<th>Kontakt<\/th>\n<td>Live Chat, Mail<\/td>\n<\/tr>\n<tr>\n<th>Services<\/th>\n<td>VPN, Alert, Antivirus<\/td>\n<\/tr>\n<tr>\n<th>Standorte<\/th>\n<td>139 Standorte in 95 L\u00e4ndern<\/td>\n<\/tr>\n<tr>\n<th>Software<\/th>\n<td>Windows, macOS, Linux, iOS, Android<\/td>\n<\/tr>\n<tr>\n<th>Browsererweiterung<\/th>\n<td>Chrome, Firefox, Edge<\/td>\n<\/tr>\n<tr>\n<th>andere Ger\u00e4te<\/th>\n<td>Apple TV, AndroidTV, Samsung Smart TV, Roku, Amazon Fire TV, Chromecast, LG TV, Nvidia Shield, Xbox, Playstation<\/td>\n<\/tr>\n<tr>\n<th>Preis<\/th>\n<td>$2,49 pro Monat in dem 2-Jahres-Abo, $3,99 pro Monat in dem Jahres-Abo, $12,95 pro Monat in dem Monats-Abo, 30-Tage Geld zur\u00fcck Garantie<\/td>\n<\/tr>\n<tr>\n<th>Zahlungsmethoden<\/th>\n<td>Kreditkarte, PayPal, Sofort, Google Pay, Amazon Pay, Bitcoin, Ethereum, giropay<\/td>\n<\/tr>\n<tr>\n<th>Gutschein<\/th>\n<td>aktuell ist kein Gutschein verf\u00fcgbar<\/td>\n<\/tr>\n<tr>\n<th>Sprachen<\/th>\n<td>Deutsch, Englisch, Spanisch, Franz\u00f6sisch, Italienisch, Niederl\u00e4ndisch, Polnisch, Portugiesisch, Finnisch, T\u00fcrkisch, Russisch, Ukrainisch, Koreanisch, Japanisch, Chinesisch<\/td>\n<\/tr>\n<\/tbody>\n<\/table>\n","protected":false},"excerpt":{"rendered":"<p>Surfshark ist ein bekannter und beliebter VPN aus den Niederlanden. Ist Surfshark Betrug oder Abzocke? Nein, nach unseren Erfahrungen und unserem Test k\u00f6nnen wir sagen, dass Surfshark seri\u00f6s und sicher ist. Teilen Sie Ihre Erfahrung mit Surfshark und schreiben Sie einen Kommentar unter diesem Test. \u00dcber Surfshark Dies ist ein kompakter \u00dcberblick mit allen wissenswerten &#8230; <a title=\"Surfshark Erfahrungen: Betrug oder seri\u00f6s?\" class=\"read-more\" href=\"https:\/\/www.hostingscams.com\/de\/surfshark\/\" aria-label=\"Mehr Informationen \u00fcber Surfshark Erfahrungen: Betrug oder seri\u00f6s?\">Weiterlesen<\/a><\/p>\n","protected":false},"author":2,"featured_media":0,"parent":0,"menu_order":0,"comment_status":"open","ping_status":"closed","template":"","meta":{"footnotes":""},"class_list":["post-408","page","type-page","status-publish"],"_links":{"self":[{"href":"https:\/\/www.hostingscams.com\/de\/wp-json\/wp\/v2\/pages\/408","targetHints":{"allow":["GET"]}}],"collection":[{"href":"https:\/\/www.hostingscams.com\/de\/wp-json\/wp\/v2\/pages"}],"about":[{"href":"https:\/\/www.hostingscams.com\/de\/wp-json\/wp\/v2\/types\/page"}],"author":[{"embeddable":true,"href":"https:\/\/www.hostingscams.com\/de\/wp-json\/wp\/v2\/users\/2"}],"replies":[{"embeddable":true,"href":"https:\/\/www.hostingscams.com\/de\/wp-json\/wp\/v2\/comments?post=408"}],"version-history":[{"count":0,"href":"https:\/\/www.hostingscams.com\/de\/wp-json\/wp\/v2\/pages\/408\/revisions"}],"wp:attachment":[{"href":"https:\/\/www.hostingscams.com\/de\/wp-json\/wp\/v2\/media?parent=408"}],"curies":[{"name":"wp","href":"https:\/\/api.w.org\/{rel}","templated":true}]}}