{"id":407,"date":"2022-09-06T20:47:29","date_gmt":"2022-09-06T20:47:29","guid":{"rendered":"https:\/\/www.hostingscams.com\/?page_id=407"},"modified":"2023-02-22T17:35:14","modified_gmt":"2023-02-22T17:35:14","slug":"strongvpn","status":"publish","type":"page","link":"https:\/\/www.hostingscams.com\/de\/strongvpn\/","title":{"rendered":"StrongVPN Erfahrungen: Betrug oder seri\u00f6s?"},"content":{"rendered":"<p><img decoding=\"async\" src=\"https:\/\/www.hostingscams.com\/wp-content\/uploads\/2022\/09\/strongvpn-300x151.png\" alt=\"StrongVPN\" width=\"300\" height=\"151\" class=\"alignright size-medium wp-image-188\" srcset=\"https:\/\/www.hostingscams.com\/wp-content\/uploads\/2022\/09\/strongvpn-300x151.png 300w, https:\/\/www.hostingscams.com\/wp-content\/uploads\/2022\/09\/strongvpn-1024x515.png 1024w, https:\/\/www.hostingscams.com\/wp-content\/uploads\/2022\/09\/strongvpn-768x386.png 768w, https:\/\/www.hostingscams.com\/wp-content\/uploads\/2022\/09\/strongvpn-1536x773.png 1536w, https:\/\/www.hostingscams.com\/wp-content\/uploads\/2022\/09\/strongvpn-2048x1030.png 2048w\" sizes=\"(max-width: 300px) 100vw, 300px\" \/>StrongVPN ist ein bekannter und beliebter VPN aus den USA.<\/p>\n<p>Ist StrongVPN Betrug oder Abzocke?<\/p>\n<p>Nein, nach unseren Erfahrungen und unserem Test k\u00f6nnen wir sagen, dass <strong>StrongVPN seri\u00f6s und sicher ist<\/strong>.<\/p>\n<p>Teilen Sie Ihre Erfahrung mit StrongVPN und <a href=\"#comments\">schreiben Sie einen Kommentar<\/a> unter diesem Test.<\/p>\n<h2 id=\"about\">\u00dcber StrongVPN<\/h2>\n<p>Dies ist ein kompakter \u00dcberblick mit allen wissenswerten Informationen \u00fcber StrongVPN:<\/p>\n<table>\n<caption><u>\u00dcberblick \u00fcber StrongVPN<\/u><\/caption>\n<tbody>\n<tr>\n<th>Name<\/th>\n<td>StrongVPN<\/td>\n<\/tr>\n<tr>\n<th>Webseite<\/th>\n<td><a href=\"https:\/\/strongvpn.com\/\" target=\"_blank\" rel=\"noopener\">strongvpn.com<\/a><\/td>\n<\/tr>\n<tr>\n<th>Unternehmen<\/th>\n<td>Ziff Davis, Inc.<\/td>\n<\/tr>\n<tr>\n<th>Adresse<\/th>\n<td>114 5th Ave, New York, NY 10011, USA<\/td>\n<\/tr>\n<tr>\n<th>Gesch\u00e4ftsf\u00fchrer<\/th>\n<td>Vivek Shah<\/td>\n<\/tr>\n<tr>\n<th>Gr\u00fcnder<\/th>\n<td>William Bernard Ziff Sr., Bernard Geroge Davis<\/td>\n<\/tr>\n<tr>\n<th>Gr\u00fcndung<\/th>\n<td>2005<\/td>\n<\/tr>\n<tr>\n<th>Kontakt<\/th>\n<td>Kontaktformular<\/td>\n<\/tr>\n<tr>\n<th>Services<\/th>\n<td>VPN, SugarSync Cloud Storage<\/td>\n<\/tr>\n<tr>\n<th>Standorte<\/th>\n<td>66 Standorte in 41 L\u00e4ndern<\/td>\n<\/tr>\n<tr>\n<th>Software<\/th>\n<td>Windows, macOS, Linux, iOS, Android, Router<\/td>\n<\/tr>\n<tr>\n<th>Browsererweiterung<\/th>\n<td>Chrome<\/td>\n<\/tr>\n<tr>\n<th>andere Ger\u00e4te<\/th>\n<td>Amazon Fire Stick, Chromebook, Synology NAS, Kodi, Amazon Kindle<\/td>\n<\/tr>\n<tr>\n<th>Preis<\/th>\n<td>$3,67 pro Monat (im ersten Jahr) und $6,67 (ab dem zweiten Jahr) in dem Jahres-Abo, $10,99 pro Monat in dem Monats-Abo, 30-Tage Geld zur\u00fcck Garantie bei dem Jahres-Abo, Bundles mit anderen Services verf\u00fcgbar, zus\u00e4tzliche Kosten f\u00fcr Addons wie Dedizierte IP, DDOS Protection oder Port Weiterleitung<\/td>\n<\/tr>\n<tr>\n<th>Zahlungsmethoden<\/th>\n<td>Kreditkarte, PayPal, Alipay<\/td>\n<\/tr>\n<tr>\n<th>Gutschein<\/th>\n<td>aktuell ist kein Gutschein verf\u00fcgbar<\/td>\n<\/tr>\n<tr>\n<th>Sprachen<\/th>\n<td>Englisch<\/td>\n<\/tr>\n<\/tbody>\n<\/table>\n","protected":false},"excerpt":{"rendered":"<p>StrongVPN ist ein bekannter und beliebter VPN aus den USA. Ist StrongVPN Betrug oder Abzocke? Nein, nach unseren Erfahrungen und unserem Test k\u00f6nnen wir sagen, dass StrongVPN seri\u00f6s und sicher ist. Teilen Sie Ihre Erfahrung mit StrongVPN und schreiben Sie einen Kommentar unter diesem Test. \u00dcber StrongVPN Dies ist ein kompakter \u00dcberblick mit allen wissenswerten &#8230; <a title=\"StrongVPN Erfahrungen: Betrug oder seri\u00f6s?\" class=\"read-more\" href=\"https:\/\/www.hostingscams.com\/de\/strongvpn\/\" aria-label=\"Mehr Informationen \u00fcber StrongVPN Erfahrungen: Betrug oder seri\u00f6s?\">Weiterlesen<\/a><\/p>\n","protected":false},"author":2,"featured_media":0,"parent":0,"menu_order":0,"comment_status":"open","ping_status":"closed","template":"","meta":{"footnotes":""},"class_list":["post-407","page","type-page","status-publish"],"_links":{"self":[{"href":"https:\/\/www.hostingscams.com\/de\/wp-json\/wp\/v2\/pages\/407","targetHints":{"allow":["GET"]}}],"collection":[{"href":"https:\/\/www.hostingscams.com\/de\/wp-json\/wp\/v2\/pages"}],"about":[{"href":"https:\/\/www.hostingscams.com\/de\/wp-json\/wp\/v2\/types\/page"}],"author":[{"embeddable":true,"href":"https:\/\/www.hostingscams.com\/de\/wp-json\/wp\/v2\/users\/2"}],"replies":[{"embeddable":true,"href":"https:\/\/www.hostingscams.com\/de\/wp-json\/wp\/v2\/comments?post=407"}],"version-history":[{"count":0,"href":"https:\/\/www.hostingscams.com\/de\/wp-json\/wp\/v2\/pages\/407\/revisions"}],"wp:attachment":[{"href":"https:\/\/www.hostingscams.com\/de\/wp-json\/wp\/v2\/media?parent=407"}],"curies":[{"name":"wp","href":"https:\/\/api.w.org\/{rel}","templated":true}]}}