{"id":406,"date":"2022-09-06T20:47:22","date_gmt":"2022-09-06T20:47:22","guid":{"rendered":"https:\/\/www.hostingscams.com\/?page_id=406"},"modified":"2023-02-22T17:35:06","modified_gmt":"2023-02-22T17:35:06","slug":"purevpn","status":"publish","type":"page","link":"https:\/\/www.hostingscams.com\/de\/purevpn\/","title":{"rendered":"PureVPN Erfahrungen: Betrug oder seri\u00f6s?"},"content":{"rendered":"<p><img decoding=\"async\" src=\"https:\/\/www.hostingscams.com\/wp-content\/uploads\/2022\/09\/purevpn-300x151.png\" alt=\"PureVPN\" width=\"300\" height=\"151\" class=\"alignright size-medium wp-image-182\" srcset=\"https:\/\/www.hostingscams.com\/wp-content\/uploads\/2022\/09\/purevpn-300x151.png 300w, https:\/\/www.hostingscams.com\/wp-content\/uploads\/2022\/09\/purevpn-1024x515.png 1024w, https:\/\/www.hostingscams.com\/wp-content\/uploads\/2022\/09\/purevpn-768x386.png 768w, https:\/\/www.hostingscams.com\/wp-content\/uploads\/2022\/09\/purevpn-1536x773.png 1536w, https:\/\/www.hostingscams.com\/wp-content\/uploads\/2022\/09\/purevpn-2048x1030.png 2048w\" sizes=\"(max-width: 300px) 100vw, 300px\" \/>PureVPN ist ein bekannter und beliebter VPN von den Britischen Jungferninseln.<\/p>\n<p>Ist PureVPN Betrug oder Abzocke?<\/p>\n<p>Nein, nach unseren Erfahrungen und unserem Test k\u00f6nnen wir sagen, dass <strong>PureVPN seri\u00f6s und sicher ist<\/strong>.<\/p>\n<p>Teilen Sie Ihre Erfahrung mit PureVPN und <a href=\"#comments\">schreiben Sie einen Kommentar<\/a> unter diesem Test.<\/p>\n<h2 id=\"about\">\u00dcber PureVPN<\/h2>\n<p>Dies ist ein kompakter \u00dcberblick mit allen wissenswerten Informationen \u00fcber PureVPN:<\/p>\n<table>\n<caption><u>\u00dcberblick \u00fcber PureVPN<\/u><\/caption>\n<tbody>\n<tr>\n<th>Name<\/th>\n<td>PureVPN<\/td>\n<\/tr>\n<tr>\n<th>Webseite<\/th>\n<td><a href=\"https:\/\/www.purevpn.de\/\" target=\"_blank\" rel=\"noopener\">www.purevpn.com<\/a><\/td>\n<\/tr>\n<tr>\n<th>Unternehmen<\/th>\n<td>GZ Systems Limited<\/td>\n<\/tr>\n<tr>\n<th>Adresse<\/th>\n<td>Intershore Chambers P.O Box 4342, Road Town, Tortola, Britische Jungferninseln<\/td>\n<\/tr>\n<tr>\n<th>Gesch\u00e4ftsf\u00fchrer<\/th>\n<td>Uzair Gadit<\/td>\n<\/tr>\n<tr>\n<th>Gr\u00fcnder<\/th>\n<td>Uzair Gadit<\/td>\n<\/tr>\n<tr>\n<th>Gr\u00fcndung<\/th>\n<td>2007<\/td>\n<\/tr>\n<tr>\n<th>Kontakt<\/th>\n<td>Mail, Kontaktformular<\/td>\n<\/tr>\n<tr>\n<th>Services<\/th>\n<td>VPN, PureKeep Password Manager<\/td>\n<\/tr>\n<tr>\n<th>Standorte<\/th>\n<td>96 Standorte in 78 L\u00e4ndern<\/td>\n<\/tr>\n<tr>\n<th>Software<\/th>\n<td>Windows, macOS, Linux, iOS, Android, Router<\/td>\n<\/tr>\n<tr>\n<th>Browsererweiterung<\/th>\n<td>Chrome, Firefox, Brave, Edge<\/td>\n<\/tr>\n<tr>\n<th>andere Ger\u00e4te<\/th>\n<td>Android TV, Amazon Fire Stick, Huawei, Chromebook, DDWRT<\/td>\n<\/tr>\n<tr>\n<th>Preis<\/th>\n<td>$1,99 pro Monat in dem 2-Jahres-Abo, $3,24 pro Monat in dem Jahres-Abo, $10,95 pro Monat in dem Monats-Abo, 31-Tage Geld zur\u00fcck Garantie, Bundles mit anderen Services verf\u00fcgbar, zus\u00e4tzliche Kosten f\u00fcr Addons wie Dedizierte IP, DDOS Protection oder Port Weiterleitung<\/td>\n<\/tr>\n<tr>\n<th>Zahlungsmethoden<\/th>\n<td>Kreditkarte, PayPal, Bitcoin, Ethereum, Litecoin, WebMoney, YooMoney, QIWI<\/td>\n<\/tr>\n<tr>\n<th>Gutschein<\/th>\n<td>aktuell ist kein Gutschein verf\u00fcgbar<\/td>\n<\/tr>\n<tr>\n<th>Sprachen<\/th>\n<td>Deutsch, Englisch, T\u00fcrkisch, Italienisch, Spanisch, D\u00e4nisch, Portugiesisch, Russisch, Polnisch, Niederl\u00e4ndisch, Thai, Schwedisch, Koreanisch, Finnisch, Arabisch, Franz\u00f6sisch, Chinesisch, Taiwanesisch, Japanisch<\/td>\n<\/tr>\n<\/tbody>\n<\/table>\n","protected":false},"excerpt":{"rendered":"<p>PureVPN ist ein bekannter und beliebter VPN von den Britischen Jungferninseln. Ist PureVPN Betrug oder Abzocke? Nein, nach unseren Erfahrungen und unserem Test k\u00f6nnen wir sagen, dass PureVPN seri\u00f6s und sicher ist. Teilen Sie Ihre Erfahrung mit PureVPN und schreiben Sie einen Kommentar unter diesem Test. \u00dcber PureVPN Dies ist ein kompakter \u00dcberblick mit allen &#8230; <a title=\"PureVPN Erfahrungen: Betrug oder seri\u00f6s?\" class=\"read-more\" href=\"https:\/\/www.hostingscams.com\/de\/purevpn\/\" aria-label=\"Mehr Informationen \u00fcber PureVPN Erfahrungen: Betrug oder seri\u00f6s?\">Weiterlesen<\/a><\/p>\n","protected":false},"author":2,"featured_media":0,"parent":0,"menu_order":0,"comment_status":"open","ping_status":"closed","template":"","meta":{"footnotes":""},"class_list":["post-406","page","type-page","status-publish"],"_links":{"self":[{"href":"https:\/\/www.hostingscams.com\/de\/wp-json\/wp\/v2\/pages\/406","targetHints":{"allow":["GET"]}}],"collection":[{"href":"https:\/\/www.hostingscams.com\/de\/wp-json\/wp\/v2\/pages"}],"about":[{"href":"https:\/\/www.hostingscams.com\/de\/wp-json\/wp\/v2\/types\/page"}],"author":[{"embeddable":true,"href":"https:\/\/www.hostingscams.com\/de\/wp-json\/wp\/v2\/users\/2"}],"replies":[{"embeddable":true,"href":"https:\/\/www.hostingscams.com\/de\/wp-json\/wp\/v2\/comments?post=406"}],"version-history":[{"count":0,"href":"https:\/\/www.hostingscams.com\/de\/wp-json\/wp\/v2\/pages\/406\/revisions"}],"wp:attachment":[{"href":"https:\/\/www.hostingscams.com\/de\/wp-json\/wp\/v2\/media?parent=406"}],"curies":[{"name":"wp","href":"https:\/\/api.w.org\/{rel}","templated":true}]}}