{"id":405,"date":"2022-09-06T20:47:21","date_gmt":"2022-09-06T20:47:21","guid":{"rendered":"https:\/\/www.hostingscams.com\/?page_id=405"},"modified":"2023-02-22T17:36:02","modified_gmt":"2023-02-22T17:36:02","slug":"proton-vpn","status":"publish","type":"page","link":"https:\/\/www.hostingscams.com\/de\/proton-vpn\/","title":{"rendered":"Proton VPN Erfahrungen: Betrug oder seri\u00f6s?"},"content":{"rendered":"<p><img decoding=\"async\" src=\"https:\/\/www.hostingscams.com\/wp-content\/uploads\/2022\/09\/proton-vpn-300x151.png\" alt=\"Proton VPN\" width=\"300\" height=\"151\" class=\"alignright size-medium wp-image-176\" srcset=\"https:\/\/www.hostingscams.com\/wp-content\/uploads\/2022\/09\/proton-vpn-300x151.png 300w, https:\/\/www.hostingscams.com\/wp-content\/uploads\/2022\/09\/proton-vpn-1024x515.png 1024w, https:\/\/www.hostingscams.com\/wp-content\/uploads\/2022\/09\/proton-vpn-768x386.png 768w, https:\/\/www.hostingscams.com\/wp-content\/uploads\/2022\/09\/proton-vpn-1536x773.png 1536w, https:\/\/www.hostingscams.com\/wp-content\/uploads\/2022\/09\/proton-vpn-2048x1030.png 2048w\" sizes=\"(max-width: 300px) 100vw, 300px\" \/>Proton VPN ist ein bekannter und beliebter VPN aus der Schweiz.<\/p>\n<p>Ist Proton VPN Betrug oder Abzocke?<\/p>\n<p>Nein, nach unseren Erfahrungen und unserem Test k\u00f6nnen wir sagen, dass <strong>Proton VPN seri\u00f6s und sicher ist<\/strong>.<\/p>\n<p>Teilen Sie Ihre Erfahrung mit Proton VPN und <a href=\"#comments\">schreiben Sie einen Kommentar<\/a> unter diesem Test.<\/p>\n<h2 id=\"about\">\u00dcber Proton VPN<\/h2>\n<p>Dies ist ein kompakter \u00dcberblick mit allen wissenswerten Informationen \u00fcber Proton VPN:<\/p>\n<table>\n<caption><u>\u00dcberblick \u00fcber Proton VPN<\/u><\/caption>\n<tbody>\n<tr>\n<th>Name<\/th>\n<td>Proton VPN<\/td>\n<\/tr>\n<tr>\n<th>Webseite<\/th>\n<td><a href=\"https:\/\/protonvpn.com\/de\/\" target=\"_blank\" rel=\"noopener\">protonvpn.com<\/a><\/td>\n<\/tr>\n<tr>\n<th>Unternehmen<\/th>\n<td>Proton AG<\/td>\n<\/tr>\n<tr>\n<th>Adresse<\/th>\n<td>Route de la Galaise 32, 1228 Plan-les-Ouates, Genf, Schweiz<\/td>\n<\/tr>\n<tr>\n<th>Gesch\u00e4ftsf\u00fchrer<\/th>\n<td>Andy Yen<\/td>\n<\/tr>\n<tr>\n<th>Gr\u00fcnder<\/th>\n<td>Andy Yen<\/td>\n<\/tr>\n<tr>\n<th>Gr\u00fcndung<\/th>\n<td>2014<\/td>\n<\/tr>\n<tr>\n<th>Kontakt<\/th>\n<td>Mail, Kontaktformular<\/td>\n<\/tr>\n<tr>\n<th>Services<\/th>\n<td>VPN, ProtonMail, ProtonCalendar, ProtonDrive<\/td>\n<\/tr>\n<tr>\n<th>Standorte<\/th>\n<td>89 Standorte in 64 L\u00e4ndern<\/td>\n<\/tr>\n<tr>\n<th>Software<\/th>\n<td>Windows, macOS, Linux, iOS, Android, Router<\/td>\n<\/tr>\n<tr>\n<th>Browsererweiterung<\/th>\n<td>Chrome, Firefox, Opera<\/td>\n<\/tr>\n<tr>\n<th>andere Ger\u00e4te<\/th>\n<td>Apple TV, Amazon Fire Stick, Chromebook, Chromecast, Playstation 4, Roku TV, Xbox One, Samsung Smart TV<\/td>\n<\/tr>\n<tr>\n<th>Preis<\/th>\n<td>kostenlos mit eingeschr\u00e4nkten Features (wie VPN Geschwindigkeit, parallelen Verbindungen und Standorten), 4,99\u20ac pro Monat in dem 2-Jahres-Abo, 5,99\u20ac pro Monat in dem Jahres-Abo, 9,99\u20ac pro Monat in dem Monats-Abo, 30-Tage Geld zur\u00fcck Garantie, Bundles mit anderen Services verf\u00fcgbar<\/td>\n<\/tr>\n<tr>\n<th>Zahlungsmethoden<\/th>\n<td>Kreditkarte, PayPal, Bitcoin, Bargeld, Bank\u00fcberweisung<\/td>\n<\/tr>\n<tr>\n<th>Gutschein<\/th>\n<td>aktuell ist kein Gutschein verf\u00fcgbar<\/td>\n<\/tr>\n<tr>\n<th>Sprachen<\/th>\n<td>Deutsch, Englisch, Griechisch, Spanisch, Persisch, Franz\u00f6sisch, Kroatisch, Ungarisch, Indonesisch, Italienisch, Niederl\u00e4ndisch, Polnisch, Portugiesisch, Russisch, T\u00fcrkisch, Ukrainisch<\/td>\n<\/tr>\n<\/tbody>\n<\/table>\n","protected":false},"excerpt":{"rendered":"<p>Proton VPN ist ein bekannter und beliebter VPN aus der Schweiz. Ist Proton VPN Betrug oder Abzocke? Nein, nach unseren Erfahrungen und unserem Test k\u00f6nnen wir sagen, dass Proton VPN seri\u00f6s und sicher ist. Teilen Sie Ihre Erfahrung mit Proton VPN und schreiben Sie einen Kommentar unter diesem Test. \u00dcber Proton VPN Dies ist ein &#8230; <a title=\"Proton VPN Erfahrungen: Betrug oder seri\u00f6s?\" class=\"read-more\" href=\"https:\/\/www.hostingscams.com\/de\/proton-vpn\/\" aria-label=\"Mehr Informationen \u00fcber Proton VPN Erfahrungen: Betrug oder seri\u00f6s?\">Weiterlesen<\/a><\/p>\n","protected":false},"author":2,"featured_media":0,"parent":0,"menu_order":0,"comment_status":"open","ping_status":"closed","template":"","meta":{"footnotes":""},"class_list":["post-405","page","type-page","status-publish"],"_links":{"self":[{"href":"https:\/\/www.hostingscams.com\/de\/wp-json\/wp\/v2\/pages\/405","targetHints":{"allow":["GET"]}}],"collection":[{"href":"https:\/\/www.hostingscams.com\/de\/wp-json\/wp\/v2\/pages"}],"about":[{"href":"https:\/\/www.hostingscams.com\/de\/wp-json\/wp\/v2\/types\/page"}],"author":[{"embeddable":true,"href":"https:\/\/www.hostingscams.com\/de\/wp-json\/wp\/v2\/users\/2"}],"replies":[{"embeddable":true,"href":"https:\/\/www.hostingscams.com\/de\/wp-json\/wp\/v2\/comments?post=405"}],"version-history":[{"count":0,"href":"https:\/\/www.hostingscams.com\/de\/wp-json\/wp\/v2\/pages\/405\/revisions"}],"wp:attachment":[{"href":"https:\/\/www.hostingscams.com\/de\/wp-json\/wp\/v2\/media?parent=405"}],"curies":[{"name":"wp","href":"https:\/\/api.w.org\/{rel}","templated":true}]}}