{"id":404,"date":"2022-09-06T20:47:11","date_gmt":"2022-09-06T20:47:11","guid":{"rendered":"https:\/\/www.hostingscams.com\/?page_id=404"},"modified":"2023-02-22T17:36:01","modified_gmt":"2023-02-22T17:36:01","slug":"private-internet-access","status":"publish","type":"page","link":"https:\/\/www.hostingscams.com\/de\/private-internet-access\/","title":{"rendered":"Private Internet Access Erfahrungen: Betrug oder seri\u00f6s?"},"content":{"rendered":"<p><img decoding=\"async\" src=\"https:\/\/www.hostingscams.com\/wp-content\/uploads\/2022\/09\/private-internet-access-300x151.png\" alt=\"Private Internet Access\" width=\"300\" height=\"151\" class=\"alignright size-medium wp-image-172\" srcset=\"https:\/\/www.hostingscams.com\/wp-content\/uploads\/2022\/09\/private-internet-access-300x151.png 300w, https:\/\/www.hostingscams.com\/wp-content\/uploads\/2022\/09\/private-internet-access-1024x515.png 1024w, https:\/\/www.hostingscams.com\/wp-content\/uploads\/2022\/09\/private-internet-access-768x386.png 768w, https:\/\/www.hostingscams.com\/wp-content\/uploads\/2022\/09\/private-internet-access-1536x773.png 1536w, https:\/\/www.hostingscams.com\/wp-content\/uploads\/2022\/09\/private-internet-access-2048x1030.png 2048w\" sizes=\"(max-width: 300px) 100vw, 300px\" \/>Private Internet Access ist ein bekannter und beliebter VPN aus den USA.<\/p>\n<p>Ist Private Internet Access Betrug oder Abzocke?<\/p>\n<p>Nein, nach unseren Erfahrungen und unserem Test k\u00f6nnen wir sagen, dass <strong>Private Internet Access seri\u00f6s und sicher ist<\/strong>.<\/p>\n<p>Teilen Sie Ihre Erfahrung mit Private Internet Access und <a href=\"#comments\">schreiben Sie einen Kommentar<\/a> unter diesem Test.<\/p>\n<h2 id=\"about\">\u00dcber Private Internet Access<\/h2>\n<p>Dies ist ein kompakter \u00dcberblick mit allen wissenswerten Informationen \u00fcber Private Internet Access:<\/p>\n<table>\n<caption><u>\u00dcberblick \u00fcber Private Internet Access<\/u><\/caption>\n<tbody>\n<tr>\n<th>Name<\/th>\n<td>Private Internet Access<\/td>\n<\/tr>\n<tr>\n<th>Webseite<\/th>\n<td><a href=\"https:\/\/www.privateinternetaccess.com\/de\/\" target=\"_blank\" rel=\"noopener\">www.privateinternetaccess.com<\/a><\/td>\n<\/tr>\n<tr>\n<th>Unternehmen<\/th>\n<td>Private Internet Access, Inc.<\/td>\n<\/tr>\n<tr>\n<th>Adresse<\/th>\n<td>5555 DTC Parkway, Suite 360, Greenwood Village, CO 80111, USA<\/td>\n<\/tr>\n<tr>\n<th>Gesch\u00e4ftsf\u00fchrer<\/th>\n<td>Ted Kim<\/td>\n<\/tr>\n<tr>\n<th>Gr\u00fcnder<\/th>\n<td>Andrew Lee<\/td>\n<\/tr>\n<tr>\n<th>Gr\u00fcndung<\/th>\n<td>2010<\/td>\n<\/tr>\n<tr>\n<th>Kontakt<\/th>\n<td>Live Chat, Telefon, Kontaktformular<\/td>\n<\/tr>\n<tr>\n<th>Services<\/th>\n<td>VPN, Antivirus, Dedicated IP<\/td>\n<\/tr>\n<tr>\n<th>Standorte<\/th>\n<td>145 Standorte in 84 L\u00e4ndern<\/td>\n<\/tr>\n<tr>\n<th>Software<\/th>\n<td>Windows, macOS, Linux, iOS, Android, Router<\/td>\n<\/tr>\n<tr>\n<th>Browsererweiterung<\/th>\n<td>Chrome, Firefox, Opera<\/td>\n<\/tr>\n<tr>\n<th>andere Ger\u00e4te<\/th>\n<td>Apple TV, Amazon Fire Stick, Chromebook, Chromecast, Playstation 4, Roku TV, Xbox One, Samsung Smart TV<\/td>\n<\/tr>\n<tr>\n<th>Preis<\/th>\n<td>1,79\u20ac pro Monat in dem 3-Jahres-Abo, 3,10\u20ac pro Monat in dem Jahres-Abo, 11,69\u20ac pro Monat in dem Monats-Abo, 30-Tage Geld zur\u00fcck Garantie, weitere Kosten f\u00fcr Addons wie Antivirus oder Dedizierte IP<\/td>\n<\/tr>\n<tr>\n<th>Zahlungsmethoden<\/th>\n<td>Kreditkarte, PayPal, Bitcoin, Ethereum, Litecoin<\/td>\n<\/tr>\n<tr>\n<th>Gutschein<\/th>\n<td>aktuell ist kein Gutschein verf\u00fcgbar<\/td>\n<\/tr>\n<tr>\n<th>Sprachen<\/th>\n<td>Deutsch, Englisch, D\u00e4nisch, Spanisch, Franz\u00f6sisch, Italienisch, Niederl\u00e4ndisch, Norwegisch, Polnisch, Portugiesisch, Russisch, T\u00fcrkisch, Arabisch, Thai, Japanisch, Chinesisch, Koreanisch<\/td>\n<\/tr>\n<\/tbody>\n<\/table>\n","protected":false},"excerpt":{"rendered":"<p>Private Internet Access ist ein bekannter und beliebter VPN aus den USA. Ist Private Internet Access Betrug oder Abzocke? Nein, nach unseren Erfahrungen und unserem Test k\u00f6nnen wir sagen, dass Private Internet Access seri\u00f6s und sicher ist. Teilen Sie Ihre Erfahrung mit Private Internet Access und schreiben Sie einen Kommentar unter diesem Test. \u00dcber Private &#8230; <a title=\"Private Internet Access Erfahrungen: Betrug oder seri\u00f6s?\" class=\"read-more\" href=\"https:\/\/www.hostingscams.com\/de\/private-internet-access\/\" aria-label=\"Mehr Informationen \u00fcber Private Internet Access Erfahrungen: Betrug oder seri\u00f6s?\">Weiterlesen<\/a><\/p>\n","protected":false},"author":2,"featured_media":0,"parent":0,"menu_order":0,"comment_status":"open","ping_status":"closed","template":"","meta":{"footnotes":""},"class_list":["post-404","page","type-page","status-publish"],"_links":{"self":[{"href":"https:\/\/www.hostingscams.com\/de\/wp-json\/wp\/v2\/pages\/404","targetHints":{"allow":["GET"]}}],"collection":[{"href":"https:\/\/www.hostingscams.com\/de\/wp-json\/wp\/v2\/pages"}],"about":[{"href":"https:\/\/www.hostingscams.com\/de\/wp-json\/wp\/v2\/types\/page"}],"author":[{"embeddable":true,"href":"https:\/\/www.hostingscams.com\/de\/wp-json\/wp\/v2\/users\/2"}],"replies":[{"embeddable":true,"href":"https:\/\/www.hostingscams.com\/de\/wp-json\/wp\/v2\/comments?post=404"}],"version-history":[{"count":0,"href":"https:\/\/www.hostingscams.com\/de\/wp-json\/wp\/v2\/pages\/404\/revisions"}],"wp:attachment":[{"href":"https:\/\/www.hostingscams.com\/de\/wp-json\/wp\/v2\/media?parent=404"}],"curies":[{"name":"wp","href":"https:\/\/api.w.org\/{rel}","templated":true}]}}