{"id":358,"date":"2022-06-19T15:36:12","date_gmt":"2022-06-19T15:36:12","guid":{"rendered":"https:\/\/www.hostingscams.com\/?page_id=358"},"modified":"2023-02-22T17:36:29","modified_gmt":"2023-02-22T17:36:29","slug":"norton-secure-vpn","status":"publish","type":"page","link":"https:\/\/www.hostingscams.com\/de\/norton-secure-vpn\/","title":{"rendered":"Norton Secure VPN Erfahrungen: Betrug oder seri\u00f6s?"},"content":{"rendered":"<p><img decoding=\"async\" class=\"alignright size-medium wp-image-133\" src=\"https:\/\/www.hostingscams.com\/wp-content\/uploads\/2022\/08\/norton-secure-vpn-300x146.png\" alt=\"Norton Secure VPN\" width=\"300\" height=\"146\" srcset=\"https:\/\/www.hostingscams.com\/wp-content\/uploads\/2022\/08\/norton-secure-vpn-300x146.png 300w, https:\/\/www.hostingscams.com\/wp-content\/uploads\/2022\/08\/norton-secure-vpn-1024x500.png 1024w, https:\/\/www.hostingscams.com\/wp-content\/uploads\/2022\/08\/norton-secure-vpn-768x375.png 768w, https:\/\/www.hostingscams.com\/wp-content\/uploads\/2022\/08\/norton-secure-vpn-1536x750.png 1536w, https:\/\/www.hostingscams.com\/wp-content\/uploads\/2022\/08\/norton-secure-vpn.png 1920w\" sizes=\"(max-width: 300px) 100vw, 300px\" \/>Norton Secure VPN ist ein bekannter und beliebter VPN aus den USA.<\/p>\n<p>Ist Norton Secure VPN Betrug oder Abzocke?<\/p>\n<p>Nein, nach unseren Erfahrungen und unserem Test k\u00f6nnen wir sagen, dass <strong>Norton Secure VPN seri\u00f6s und sicher ist<\/strong>.<\/p>\n<p>Teilen Sie Ihre Erfahrung mit Norton Secure VPN und <a href=\"#comments\">schreiben Sie einen Kommentar<\/a> unter diesem Test.<\/p>\n<h2 id=\"about\">\u00dcber Norton Secure VPN<\/h2>\n<p>Dies ist ein kompakter \u00dcberblick mit allen wissenswerten Informationen \u00fcber Norton Secure VPN:<\/p>\n<table>\n<caption><u>\u00dcberblick \u00fcber Norton Secure VPN<\/u><\/caption>\n<tbody>\n<tr>\n<th>Name<\/th>\n<td>Norton Secure VPN<\/td>\n<\/tr>\n<tr>\n<th>Webseite<\/th>\n<td><a href=\"https:\/\/de.norton.com\/products\/norton-secure-vpn\" target=\"_blank\" rel=\"noopener\">us.norton.com<\/a><\/td>\n<\/tr>\n<tr>\n<th>Unternehmen<\/th>\n<td>NortonLifeLock Inc.<\/td>\n<\/tr>\n<tr>\n<th>Adresse<\/th>\n<td>60 E Rio Salado Pkwy #1000, Tempe, AZ 85281, USA<\/td>\n<\/tr>\n<tr>\n<th>Gesch\u00e4ftsf\u00fchrer<\/th>\n<td>Vincent Pilette<\/td>\n<\/tr>\n<tr>\n<th>Gr\u00fcnder<\/th>\n<td>Gary Hendrix<\/td>\n<\/tr>\n<tr>\n<th>Gr\u00fcndung<\/th>\n<td>1982<\/td>\n<\/tr>\n<tr>\n<th>Kontakt<\/th>\n<td>Live Chat, Mail<\/td>\n<\/tr>\n<tr>\n<th>Services<\/th>\n<td>VPN, Norton Antivirus, Norton 360, Norton 360 mit Life Lock<\/td>\n<\/tr>\n<tr>\n<th>Standorte<\/th>\n<td>60+ Standorte in 50 L\u00e4ndern<\/td>\n<\/tr>\n<tr>\n<th>Software<\/th>\n<td>Windows, macOS, Linux, iOS, Android<\/td>\n<\/tr>\n<tr>\n<th>Browsererweiterung<\/th>\n<td>nicht verf\u00fcgbar<\/td>\n<\/tr>\n<tr>\n<th>andere Ger\u00e4te<\/th>\n<td>nicht verf\u00fcgbar<\/td>\n<\/tr>\n<tr>\n<th>Preis<\/th>\n<td>$2,50 pro Monat in dem Jahres-Abo im ersten Jahr, Verl\u00e4ngerung mit $4,17 pro Monat ab dem zweiten Jahr, $4,99 pro Monat in dem Monats-Abo, 60-Tage Geld zur\u00fcck Garantie bei dem Jahres-Abo\/td><br \/>\n<\/tr>\n<tr>\n<th>Zahlungsmethoden<\/th>\n<td>Kreditkarte, PayPal, Google Pay<\/td>\n<\/tr>\n<tr>\n<th>Gutschein<\/th>\n<td>aktuell ist kein Gutschein verf\u00fcgbar<\/td>\n<\/tr>\n<tr>\n<th>Sprachen<\/th>\n<td>Deutsch, Englisch, Spanisch, Niederl\u00e4ndisch, Franz\u00f6sisch, Tschechisch, D\u00e4nisch, Estnisch, Italienisch, Lettisch, Litauisch, Ungarisch, Norwegisch, Polnisch, Portugiesisch, Rum\u00e4nisch, Finnisch, Schwedisch, T\u00fcrkisch, Griechisch, Russisch, Hebr\u00e4isch, Chinesisch, Koreanisch, Japanisch<\/td>\n<\/tr>\n<\/tbody>\n<\/table>\n","protected":false},"excerpt":{"rendered":"<p>Norton Secure VPN ist ein bekannter und beliebter VPN aus den USA. Ist Norton Secure VPN Betrug oder Abzocke? Nein, nach unseren Erfahrungen und unserem Test k\u00f6nnen wir sagen, dass Norton Secure VPN seri\u00f6s und sicher ist. Teilen Sie Ihre Erfahrung mit Norton Secure VPN und schreiben Sie einen Kommentar unter diesem Test. \u00dcber Norton &#8230; <a title=\"Norton Secure VPN Erfahrungen: Betrug oder seri\u00f6s?\" class=\"read-more\" href=\"https:\/\/www.hostingscams.com\/de\/norton-secure-vpn\/\" aria-label=\"Mehr Informationen \u00fcber Norton Secure VPN Erfahrungen: Betrug oder seri\u00f6s?\">Weiterlesen<\/a><\/p>\n","protected":false},"author":2,"featured_media":0,"parent":0,"menu_order":0,"comment_status":"open","ping_status":"closed","template":"","meta":{"footnotes":""},"class_list":["post-358","page","type-page","status-publish"],"_links":{"self":[{"href":"https:\/\/www.hostingscams.com\/de\/wp-json\/wp\/v2\/pages\/358","targetHints":{"allow":["GET"]}}],"collection":[{"href":"https:\/\/www.hostingscams.com\/de\/wp-json\/wp\/v2\/pages"}],"about":[{"href":"https:\/\/www.hostingscams.com\/de\/wp-json\/wp\/v2\/types\/page"}],"author":[{"embeddable":true,"href":"https:\/\/www.hostingscams.com\/de\/wp-json\/wp\/v2\/users\/2"}],"replies":[{"embeddable":true,"href":"https:\/\/www.hostingscams.com\/de\/wp-json\/wp\/v2\/comments?post=358"}],"version-history":[{"count":0,"href":"https:\/\/www.hostingscams.com\/de\/wp-json\/wp\/v2\/pages\/358\/revisions"}],"wp:attachment":[{"href":"https:\/\/www.hostingscams.com\/de\/wp-json\/wp\/v2\/media?parent=358"}],"curies":[{"name":"wp","href":"https:\/\/api.w.org\/{rel}","templated":true}]}}