{"id":330,"date":"2022-06-19T14:45:31","date_gmt":"2022-06-19T14:45:31","guid":{"rendered":"https:\/\/www.hostingscams.com\/?page_id=330"},"modified":"2023-02-22T17:34:56","modified_gmt":"2023-02-22T17:34:56","slug":"hotspot-shield","status":"publish","type":"page","link":"https:\/\/www.hostingscams.com\/de\/hotspot-shield\/","title":{"rendered":"Hotspot Shield Erfahrungen: Betrug oder seri\u00f6s?"},"content":{"rendered":"<p><img decoding=\"async\" class=\"alignright size-medium wp-image-127\" src=\"https:\/\/www.hostingscams.com\/wp-content\/uploads\/2022\/08\/hotspot-shield-300x146.png\" alt=\"Hotspot Shield\" width=\"300\" height=\"146\" srcset=\"https:\/\/www.hostingscams.com\/wp-content\/uploads\/2022\/08\/hotspot-shield-300x146.png 300w, https:\/\/www.hostingscams.com\/wp-content\/uploads\/2022\/08\/hotspot-shield-1024x500.png 1024w, https:\/\/www.hostingscams.com\/wp-content\/uploads\/2022\/08\/hotspot-shield-768x375.png 768w, https:\/\/www.hostingscams.com\/wp-content\/uploads\/2022\/08\/hotspot-shield-1536x750.png 1536w, https:\/\/www.hostingscams.com\/wp-content\/uploads\/2022\/08\/hotspot-shield.png 1920w\" sizes=\"(max-width: 300px) 100vw, 300px\" \/>Hotspot Shield ist ein bekannter und beliebter VPN aus den USA.<\/p>\n<p>Ist Hotspot Shield Betrug oder Abzocke?<\/p>\n<p>Nein, nach unseren Erfahrungen und unserem Test k\u00f6nnen wir sagen, dass <strong>Hotspot Shield seri\u00f6s und sicher ist<\/strong>.<\/p>\n<p>Teilen Sie Ihre Erfahrung mit Hotspot Shield und <a href=\"#comments\">schreiben Sie einen Kommentar<\/a> unter diesem Test.<\/p>\n<h2 id=\"about\">\u00dcber Hotspot Shield<\/h2>\n<p>Dies ist ein kompakter \u00dcberblick mit allen wissenswerten Informationen \u00fcber Hotspot Shield:<\/p>\n<table>\n<caption><u>\u00dcberblick \u00fcber Hotspot Shield<\/u><\/caption>\n<tbody>\n<tr>\n<th>Name<\/th>\n<td>Hotspot Shield<\/td>\n<\/tr>\n<tr>\n<th>Webseite<\/th>\n<td><a href=\"https:\/\/www.hotspotshield.com\/de\/\" target=\"_blank\" rel=\"noopener\">www.hotspotshield.com<\/a><\/td>\n<\/tr>\n<tr>\n<th>Unternehmen<\/th>\n<td>Intersections LLC. dba Aura<\/td>\n<\/tr>\n<tr>\n<th>Adresse<\/th>\n<td>2553 Dulles View Dr #400, Herndon, VA 20171, USA<\/td>\n<\/tr>\n<tr>\n<th>Gesch\u00e4ftsf\u00fchrer<\/th>\n<td>Hari Ravichandran<\/td>\n<\/tr>\n<tr>\n<th>Gr\u00fcnder<\/th>\n<td>David Gorodyansky<\/td>\n<\/tr>\n<tr>\n<th>Gr\u00fcndung<\/th>\n<td>2008<\/td>\n<\/tr>\n<tr>\n<th>Kontakt<\/th>\n<td>Mail<\/td>\n<\/tr>\n<tr>\n<th>Services<\/th>\n<td>VPN<\/td>\n<\/tr>\n<tr>\n<th>Standorte<\/th>\n<td>115 Standorte in 80 L\u00e4ndern<\/td>\n<\/tr>\n<tr>\n<th>Software<\/th>\n<td>Windows, macOS, Linux, iOS, Android, Router<\/td>\n<\/tr>\n<tr>\n<th>Browsererweiterung<\/th>\n<td>Chrome<\/td>\n<\/tr>\n<tr>\n<th>andere Ger\u00e4te<\/th>\n<td>Amazon Fire Stick, Android TV<\/td>\n<\/tr>\n<tr>\n<th>Preis<\/th>\n<td>kostenlos mit eingeschr\u00e4nkten Features, 7,99\u20ac pro Monat (j\u00e4hrliche Zahlung) bis 12,99\u20ac pro Monat (monatliche Zahlung) f\u00fcr ein Premium-Abo, 11,99\u20ac pro Monat (j\u00e4hrliche Zahlung) bis 19,99\u20ac pro Monat (monatliche Zahlung) f\u00fcr ein Premium-Familien-Abo, 45-Tage Geld zur\u00fcck Garantie<\/td>\n<\/tr>\n<tr>\n<th>Zahlungsmethoden<\/th>\n<td>Kreditkarte, PayPal<\/td>\n<\/tr>\n<tr>\n<th>Gutschein<\/th>\n<td>aktuell ist kein Gutschein verf\u00fcgbar<\/td>\n<\/tr>\n<tr>\n<th>Sprachen<\/th>\n<td>Deutsch, Englisch, Franz\u00f6sisch, Russisch, Arabisch, Persisch, T\u00fcrkisch, Vietnamesisch, Chinesisch, Japanisch, Koreanisch, Portugiesisch, Spanisch<\/td>\n<\/tr>\n<\/tbody>\n<\/table>\n","protected":false},"excerpt":{"rendered":"<p>Hotspot Shield ist ein bekannter und beliebter VPN aus den USA. Ist Hotspot Shield Betrug oder Abzocke? Nein, nach unseren Erfahrungen und unserem Test k\u00f6nnen wir sagen, dass Hotspot Shield seri\u00f6s und sicher ist. Teilen Sie Ihre Erfahrung mit Hotspot Shield und schreiben Sie einen Kommentar unter diesem Test. \u00dcber Hotspot Shield Dies ist ein &#8230; <a title=\"Hotspot Shield Erfahrungen: Betrug oder seri\u00f6s?\" class=\"read-more\" href=\"https:\/\/www.hostingscams.com\/de\/hotspot-shield\/\" aria-label=\"Mehr Informationen \u00fcber Hotspot Shield Erfahrungen: Betrug oder seri\u00f6s?\">Weiterlesen<\/a><\/p>\n","protected":false},"author":2,"featured_media":0,"parent":0,"menu_order":0,"comment_status":"open","ping_status":"closed","template":"","meta":{"footnotes":""},"class_list":["post-330","page","type-page","status-publish"],"_links":{"self":[{"href":"https:\/\/www.hostingscams.com\/de\/wp-json\/wp\/v2\/pages\/330","targetHints":{"allow":["GET"]}}],"collection":[{"href":"https:\/\/www.hostingscams.com\/de\/wp-json\/wp\/v2\/pages"}],"about":[{"href":"https:\/\/www.hostingscams.com\/de\/wp-json\/wp\/v2\/types\/page"}],"author":[{"embeddable":true,"href":"https:\/\/www.hostingscams.com\/de\/wp-json\/wp\/v2\/users\/2"}],"replies":[{"embeddable":true,"href":"https:\/\/www.hostingscams.com\/de\/wp-json\/wp\/v2\/comments?post=330"}],"version-history":[{"count":0,"href":"https:\/\/www.hostingscams.com\/de\/wp-json\/wp\/v2\/pages\/330\/revisions"}],"wp:attachment":[{"href":"https:\/\/www.hostingscams.com\/de\/wp-json\/wp\/v2\/media?parent=330"}],"curies":[{"name":"wp","href":"https:\/\/api.w.org\/{rel}","templated":true}]}}