{"id":329,"date":"2022-06-14T16:09:26","date_gmt":"2022-06-14T16:09:26","guid":{"rendered":"https:\/\/www.hostingscams.com\/?page_id=329"},"modified":"2023-02-22T17:34:37","modified_gmt":"2023-02-22T17:34:37","slug":"hide-me","status":"publish","type":"page","link":"https:\/\/www.hostingscams.com\/de\/hide-me\/","title":{"rendered":"hide.me Erfahrungen: Betrug oder seri\u00f6s?"},"content":{"rendered":"<p><img decoding=\"async\" class=\"alignright size-medium wp-image-125\" src=\"https:\/\/www.hostingscams.com\/wp-content\/uploads\/2022\/08\/hide.me_-300x146.png\" alt=\"hide.me\" width=\"300\" height=\"146\" srcset=\"https:\/\/www.hostingscams.com\/wp-content\/uploads\/2022\/08\/hide.me_-300x146.png 300w, https:\/\/www.hostingscams.com\/wp-content\/uploads\/2022\/08\/hide.me_-1024x500.png 1024w, https:\/\/www.hostingscams.com\/wp-content\/uploads\/2022\/08\/hide.me_-768x375.png 768w, https:\/\/www.hostingscams.com\/wp-content\/uploads\/2022\/08\/hide.me_-1536x750.png 1536w, https:\/\/www.hostingscams.com\/wp-content\/uploads\/2022\/08\/hide.me_.png 1920w\" sizes=\"(max-width: 300px) 100vw, 300px\" \/><span style=\"font-size: inherit;\">hide.me ist ein bekannter und beliebter VPN aus Malaysia.<\/span><\/p>\n<p>Ist hide.me Betrug oder Abzocke?<\/p>\n<p>Nein, nach unseren Erfahrungen und unserem Test k\u00f6nnen wir sagen, dass <strong>hide.me seri\u00f6s und sicher ist<\/strong>.<\/p>\n<p>Teilen Sie Ihre Erfahrung mit hide.me und <a href=\"#comments\">schreiben Sie einen Kommentar<\/a> unter diesem Test.<\/p>\n<h2 id=\"about\">\u00dcber hide.me<\/h2>\n<p>Dies ist ein kompakter \u00dcberblick mit allen wissenswerten Informationen \u00fcber hide.me:<\/p>\n<table>\n<caption><u>\u00dcberblick \u00fcber hide.me<\/u><\/caption>\n<tbody>\n<tr>\n<th>Name<\/th>\n<td>hide.me<\/td>\n<\/tr>\n<tr>\n<th>Webseite<\/th>\n<td><a href=\"https:\/\/hide.me\/de\/\" target=\"_blank\" rel=\"noopener\">hide.me<\/a><\/td>\n<\/tr>\n<tr>\n<th>Unternehmen<\/th>\n<td>eVenture Ltd.<\/td>\n<\/tr>\n<tr>\n<th>Adresse<\/th>\n<td>Unit 12F(1), Main Office Tower Financial Park Labuan, Jalan Merdeka 87000 Labuan, F.T. Labuan, Malaysia<\/td>\n<\/tr>\n<tr>\n<th>Gesch\u00e4ftsf\u00fchrer<\/th>\n<td>Sebastian Schaub<\/td>\n<\/tr>\n<tr>\n<th>Gr\u00fcnder<\/th>\n<td>Sebastian Schaub<\/td>\n<\/tr>\n<tr>\n<th>Gr\u00fcndung<\/th>\n<td>2012<\/td>\n<\/tr>\n<tr>\n<th>Kontakt<\/th>\n<td>Live Chat, Mail<\/td>\n<\/tr>\n<tr>\n<th>Services<\/th>\n<td>VPN<\/td>\n<\/tr>\n<tr>\n<th>Standorte<\/th>\n<td>69 Standorte in 50 L\u00e4ndern<\/td>\n<\/tr>\n<tr>\n<th>Software<\/th>\n<td>Windows, macOS, Linux, iOS, Android, Router<\/td>\n<\/tr>\n<tr>\n<th>Browsererweiterung<\/th>\n<td>Chrome, Firefox, Edge<\/td>\n<\/tr>\n<tr>\n<th>andere Ger\u00e4te<\/th>\n<td>Amazon Fire Stick<\/td>\n<\/tr>\n<tr>\n<th>Preis<\/th>\n<td>3,84\u20ac pro Monat in dem 2-Jahres-Abo, 6,66\u20ac pro Monat in dem Jahres-Abo, 9,99\u20ac pro Monat in dem Monats-Abo, 30-Tage Geld zur\u00fcck Garantie<\/td>\n<\/tr>\n<tr>\n<th>Zahlungsmethoden<\/th>\n<td>Kreditkarte, PayPal, Lastschrift, Amazon Pay, Bitcoin<\/td>\n<\/tr>\n<tr>\n<th>Gutschein<\/th>\n<td>aktuell ist kein Gutschein verf\u00fcgbar<\/td>\n<\/tr>\n<tr>\n<th>Sprachen<\/th>\n<td>Deutsch, Englisch, Arabisch, Spanisch, Franz\u00f6sisch, Kroatisch, Indonesisch, Italienisch, Japanisch, Niederl\u00e4ndisch, Polnisch, Portugiesisch, Russisch, T\u00fcrkisch<\/td>\n<\/tr>\n<\/tbody>\n<\/table>\n","protected":false},"excerpt":{"rendered":"<p>hide.me ist ein bekannter und beliebter VPN aus Malaysia. Ist hide.me Betrug oder Abzocke? Nein, nach unseren Erfahrungen und unserem Test k\u00f6nnen wir sagen, dass hide.me seri\u00f6s und sicher ist. Teilen Sie Ihre Erfahrung mit hide.me und schreiben Sie einen Kommentar unter diesem Test. \u00dcber hide.me Dies ist ein kompakter \u00dcberblick mit allen wissenswerten Informationen &#8230; <a title=\"hide.me Erfahrungen: Betrug oder seri\u00f6s?\" class=\"read-more\" href=\"https:\/\/www.hostingscams.com\/de\/hide-me\/\" aria-label=\"Mehr Informationen \u00fcber hide.me Erfahrungen: Betrug oder seri\u00f6s?\">Weiterlesen<\/a><\/p>\n","protected":false},"author":2,"featured_media":0,"parent":0,"menu_order":0,"comment_status":"open","ping_status":"closed","template":"","meta":{"footnotes":""},"class_list":["post-329","page","type-page","status-publish"],"_links":{"self":[{"href":"https:\/\/www.hostingscams.com\/de\/wp-json\/wp\/v2\/pages\/329","targetHints":{"allow":["GET"]}}],"collection":[{"href":"https:\/\/www.hostingscams.com\/de\/wp-json\/wp\/v2\/pages"}],"about":[{"href":"https:\/\/www.hostingscams.com\/de\/wp-json\/wp\/v2\/types\/page"}],"author":[{"embeddable":true,"href":"https:\/\/www.hostingscams.com\/de\/wp-json\/wp\/v2\/users\/2"}],"replies":[{"embeddable":true,"href":"https:\/\/www.hostingscams.com\/de\/wp-json\/wp\/v2\/comments?post=329"}],"version-history":[{"count":0,"href":"https:\/\/www.hostingscams.com\/de\/wp-json\/wp\/v2\/pages\/329\/revisions"}],"wp:attachment":[{"href":"https:\/\/www.hostingscams.com\/de\/wp-json\/wp\/v2\/media?parent=329"}],"curies":[{"name":"wp","href":"https:\/\/api.w.org\/{rel}","templated":true}]}}