{"id":328,"date":"2022-06-13T16:39:54","date_gmt":"2022-06-13T16:39:54","guid":{"rendered":"https:\/\/www.hostingscams.com\/?page_id=328"},"modified":"2023-02-22T17:34:34","modified_gmt":"2023-02-22T17:34:34","slug":"expressvpn","status":"publish","type":"page","link":"https:\/\/www.hostingscams.com\/de\/expressvpn\/","title":{"rendered":"ExpressVPN Erfahrungen: Betrug oder seri\u00f6s?"},"content":{"rendered":"<p><img decoding=\"async\" class=\"alignright size-medium wp-image-123\" src=\"https:\/\/www.hostingscams.com\/wp-content\/uploads\/2022\/08\/expressvpn-300x146.png\" alt=\"ExpressVPN\" width=\"300\" height=\"146\" srcset=\"https:\/\/www.hostingscams.com\/wp-content\/uploads\/2022\/08\/expressvpn-300x146.png 300w, https:\/\/www.hostingscams.com\/wp-content\/uploads\/2022\/08\/expressvpn-1024x500.png 1024w, https:\/\/www.hostingscams.com\/wp-content\/uploads\/2022\/08\/expressvpn-768x375.png 768w, https:\/\/www.hostingscams.com\/wp-content\/uploads\/2022\/08\/expressvpn-1536x750.png 1536w, https:\/\/www.hostingscams.com\/wp-content\/uploads\/2022\/08\/expressvpn.png 1920w\" sizes=\"(max-width: 300px) 100vw, 300px\" \/>ExpressVPN ist ein bekannter und beliebter VPN von den Britische Jungferninseln.<\/p>\n<p>Ist ExpressVPN Betrug oder Abzocke?<\/p>\n<p>Nein, nach unseren Erfahrungen und unserem Test k\u00f6nnen wir sagen, dass <strong>ExpressVPN seri\u00f6s und sicher ist<\/strong>.<\/p>\n<p>Teilen Sie Ihre Erfahrung mit ExpressVPN und <a href=\"#comments\">schreiben Sie einen Kommentar<\/a> unter diesem Test.<\/p>\n<h2 id=\"about\">\u00dcber ExpressVPN<\/h2>\n<p>Dies ist ein kompakter \u00dcberblick mit allen wissenswerten Informationen \u00fcber ExpressVPN:<\/p>\n<table>\n<caption><u>\u00dcberblick \u00fcber ExpressVPN<\/u><\/caption>\n<tbody>\n<tr>\n<th>Name<\/th>\n<td>ExpressVPN<\/td>\n<\/tr>\n<tr>\n<th>Webseite<\/th>\n<td><a href=\"https:\/\/www.expressvpn.com\/de\" target=\"_blank\" rel=\"noopener\">www.expressvpn.com<\/a><\/td>\n<\/tr>\n<tr>\n<th>Unternehmen<\/th>\n<td>Express Technologies Ltd.<\/td>\n<\/tr>\n<tr>\n<th>Adresse<\/th>\n<td>Mill Mall, Suite 6, Wickhams Cay 1, Road Town, Tortola, VG1110, Britische Jungferninseln<\/td>\n<\/tr>\n<tr>\n<th>Gesch\u00e4ftsf\u00fchrer<\/th>\n<td>Loukia Avramidou<\/td>\n<\/tr>\n<tr>\n<th>Gr\u00fcnder<\/th>\n<td>Peter Burchhardt, Dan Pomerantz<\/td>\n<\/tr>\n<tr>\n<th>Gr\u00fcndung<\/th>\n<td>2009<\/td>\n<\/tr>\n<tr>\n<th>Kontakt<\/th>\n<td>Live Chat, Mail<\/td>\n<\/tr>\n<tr>\n<th>Services<\/th>\n<td>VPN<\/td>\n<\/tr>\n<tr>\n<th>Standorte<\/th>\n<td>160 Standorte in 94 L\u00e4ndern<\/td>\n<\/tr>\n<tr>\n<th>Software<\/th>\n<td>Windows, macOS, Linux, iOS, Android, Router, Chromebook, Kindle Fire<\/td>\n<\/tr>\n<tr>\n<th>Browsererweiterung<\/th>\n<td>Chrome, Firefox, Edge<\/td>\n<\/tr>\n<tr>\n<th>andere Ger\u00e4te<\/th>\n<td>Apple TV, Amazon Fire TV, Samsung Smart TV, Roku, Chromecast, NVIDIA Shield, Android TV, Playstation, Xbox, Nintendo Switch<\/td>\n<\/tr>\n<tr>\n<th>Preis<\/th>\n<td>$8,32 pro Monat in dem Jahres-Abo, $9,99 pro Monat in dem Halbjahres-Abo, $12,95 pro Monat in dem Monats-Abo, 30-Tage Geld zur\u00fcck Garantie<\/td>\n<\/tr>\n<tr>\n<th>Zahlungsmethoden<\/th>\n<td>Kreditkarte, PayPal, Bitcoin, Sofort, giropay, iDeal, QIWI, UnionPay, Bank\u00fcberweisung, mercado pago, pix, mint, eps, Interac, One Card<\/td>\n<\/tr>\n<tr>\n<th>Gutschein<\/th>\n<td>aktuell ist kein Gutschein verf\u00fcgbar<\/td>\n<\/tr>\n<tr>\n<th>Sprachen<\/th>\n<td>Deutsch, Englisch, D\u00e4nisch, Spanisch, Franz\u00f6sisch, Italienisch, Niederl\u00e4ndisch, Norwegisch, Polnisch, Portugiesisch, Finnisch, Schwedisch, T\u00fcrkisch, Russisch, Thai, Japanisch, Koreanisch, Arabisch<\/td>\n<\/tr>\n<\/tbody>\n<\/table>\n","protected":false},"excerpt":{"rendered":"<p>ExpressVPN ist ein bekannter und beliebter VPN von den Britische Jungferninseln. Ist ExpressVPN Betrug oder Abzocke? Nein, nach unseren Erfahrungen und unserem Test k\u00f6nnen wir sagen, dass ExpressVPN seri\u00f6s und sicher ist. Teilen Sie Ihre Erfahrung mit ExpressVPN und schreiben Sie einen Kommentar unter diesem Test. \u00dcber ExpressVPN Dies ist ein kompakter \u00dcberblick mit allen &#8230; <a title=\"ExpressVPN Erfahrungen: Betrug oder seri\u00f6s?\" class=\"read-more\" href=\"https:\/\/www.hostingscams.com\/de\/expressvpn\/\" aria-label=\"Mehr Informationen \u00fcber ExpressVPN Erfahrungen: Betrug oder seri\u00f6s?\">Weiterlesen<\/a><\/p>\n","protected":false},"author":2,"featured_media":0,"parent":0,"menu_order":0,"comment_status":"open","ping_status":"closed","template":"","meta":{"footnotes":""},"class_list":["post-328","page","type-page","status-publish"],"_links":{"self":[{"href":"https:\/\/www.hostingscams.com\/de\/wp-json\/wp\/v2\/pages\/328","targetHints":{"allow":["GET"]}}],"collection":[{"href":"https:\/\/www.hostingscams.com\/de\/wp-json\/wp\/v2\/pages"}],"about":[{"href":"https:\/\/www.hostingscams.com\/de\/wp-json\/wp\/v2\/types\/page"}],"author":[{"embeddable":true,"href":"https:\/\/www.hostingscams.com\/de\/wp-json\/wp\/v2\/users\/2"}],"replies":[{"embeddable":true,"href":"https:\/\/www.hostingscams.com\/de\/wp-json\/wp\/v2\/comments?post=328"}],"version-history":[{"count":0,"href":"https:\/\/www.hostingscams.com\/de\/wp-json\/wp\/v2\/pages\/328\/revisions"}],"wp:attachment":[{"href":"https:\/\/www.hostingscams.com\/de\/wp-json\/wp\/v2\/media?parent=328"}],"curies":[{"name":"wp","href":"https:\/\/api.w.org\/{rel}","templated":true}]}}