{"id":327,"date":"2022-06-14T15:44:24","date_gmt":"2022-06-14T15:44:24","guid":{"rendered":"https:\/\/www.hostingscams.com\/?page_id=327"},"modified":"2023-02-22T17:34:07","modified_gmt":"2023-02-22T17:34:07","slug":"cyberghost-vpn","status":"publish","type":"page","link":"https:\/\/www.hostingscams.com\/de\/cyberghost-vpn\/","title":{"rendered":"CyberGhost VPN Erfahrungen: Betrug oder seri\u00f6s?"},"content":{"rendered":"<p><img decoding=\"async\" class=\"alignright size-medium wp-image-120\" src=\"https:\/\/www.hostingscams.com\/wp-content\/uploads\/2022\/08\/cyberghost-vpn-300x146.png\" alt=\"CyberGhost VPN\" width=\"300\" height=\"146\" srcset=\"https:\/\/www.hostingscams.com\/wp-content\/uploads\/2022\/08\/cyberghost-vpn-300x146.png 300w, https:\/\/www.hostingscams.com\/wp-content\/uploads\/2022\/08\/cyberghost-vpn-1024x500.png 1024w, https:\/\/www.hostingscams.com\/wp-content\/uploads\/2022\/08\/cyberghost-vpn-768x375.png 768w, https:\/\/www.hostingscams.com\/wp-content\/uploads\/2022\/08\/cyberghost-vpn-1536x750.png 1536w, https:\/\/www.hostingscams.com\/wp-content\/uploads\/2022\/08\/cyberghost-vpn.png 1920w\" sizes=\"(max-width: 300px) 100vw, 300px\" \/>CyberGhost VPN ist ein bekannter und beliebter VPN aus Rum\u00e4nien.<\/p>\n<p>Ist CyberGhost VPN Betrug oder Abzocke?<\/p>\n<p>Nein, nach unseren Erfahrungen und unserem Test k\u00f6nnen wir sagen, dass <strong>CyberGhost VPN seri\u00f6s und sicher ist<\/strong>.<\/p>\n<p>Teilen Sie Ihre Erfahrung mit CyberGhost VPN und <a href=\"#comments\">schreiben Sie einen Kommentar<\/a> unter diesem Test.<\/p>\n<h2 id=\"about\">\u00dcber CyberGhost VPN<\/h2>\n<p>Dies ist ein kompakter \u00dcberblick mit allen wissenswerten Informationen \u00fcber CyberGhost VPN:<\/p>\n<table>\n<caption><u>\u00dcberblick \u00fcber CyberGhost VPN<\/u><\/caption>\n<tbody>\n<tr>\n<th>Name<\/th>\n<td>CyberGhost VPN<\/td>\n<\/tr>\n<tr>\n<th>Webseite<\/th>\n<td><a href=\"https:\/\/www.cyberghostvpn.com\/de_DE\/\" target=\"_blank\" rel=\"noopener\">www.cyberghostvpn.com<\/a><\/td>\n<\/tr>\n<tr>\n<th>Unternehmen<\/th>\n<td>CyberGhost S.R.L.<\/td>\n<\/tr>\n<tr>\n<th>Adresse<\/th>\n<td>68 Polona St., District 1, 010494 Bucharest, Rum\u00e4nien<\/td>\n<\/tr>\n<tr>\n<th>Gesch\u00e4ftsf\u00fchrer<\/th>\n<td>Robert Knapp<\/td>\n<\/tr>\n<tr>\n<th>Gr\u00fcnder<\/th>\n<td>Robert Knapp<\/td>\n<\/tr>\n<tr>\n<th>Gr\u00fcndung<\/th>\n<td>2011<\/td>\n<\/tr>\n<tr>\n<th>Kontakt<\/th>\n<td>Live Chat, Mail<\/td>\n<\/tr>\n<tr>\n<th>Services<\/th>\n<td>VPN, CyberGhost Security Suite, CyberGhost Password Manager, CyberGhost Private Browser<\/td>\n<\/tr>\n<tr>\n<th>Standorte<\/th>\n<td>114 Standorte in 91 L\u00e4ndern<\/td>\n<\/tr>\n<tr>\n<th>Software<\/th>\n<td>Windows, macOS, Linux, iOS, Android, Router<\/td>\n<\/tr>\n<tr>\n<th>Browsererweiterung<\/th>\n<td>Chrome, Firefox<\/td>\n<\/tr>\n<tr>\n<th>andere Ger\u00e4te<\/th>\n<td>Amazon Fire Stick, Android TV, Apple TV, Samsung Smart TV, LG Smart TV, Chromecast, Roku TV, Xbox One, Xbox 360, PlayStation 3, PlayStation 4<\/td>\n<\/tr>\n<tr>\n<th>Preis<\/th>\n<td>1,94\u20ac pro Monat in dem 3-Jahres-Abo, 2,95\u20ac pro Monat in dem 2-Jahres-Abo, 3,75\u20ac  pro Monat in dem Jahres-Abo, 11,99\u20ac pro Monat in dem Monats-Abo, zwischen 14-Tage Geld zur\u00fcck Garantie (bei dem Monats-Abo) und 45-Tage Geld zur\u00fcck Garantie<\/td>\n<\/tr>\n<tr>\n<th>Zahlungsmethoden<\/th>\n<td>Kreditkarte, PayPal, Amazon Pay, Lastschrift, Bitcoin<\/td>\n<\/tr>\n<tr>\n<th>Gutschein<\/th>\n<td>aktuell ist kein Gutschein verf\u00fcgbar<\/td>\n<\/tr>\n<tr>\n<th>Sprachen<\/th>\n<td>Deutsch, Englisch, Chinesisch, Tschechisch, D\u00e4nisch, Griechisch, Spanisch, Finnisch, Franz\u00f6sisch, Indonesisch, Italienisch, Japanisch, Koreanisch, Ungarisch, Niederl\u00e4ndisch, Norwegisch, Polnisch, Portugiesisch, Rum\u00e4nisch, Russisch, Schwedisch, T\u00fcrkisch, Vietnamesisch<\/td>\n<\/tr>\n<\/tbody>\n<\/table>\n","protected":false},"excerpt":{"rendered":"<p>CyberGhost VPN ist ein bekannter und beliebter VPN aus Rum\u00e4nien. Ist CyberGhost VPN Betrug oder Abzocke? Nein, nach unseren Erfahrungen und unserem Test k\u00f6nnen wir sagen, dass CyberGhost VPN seri\u00f6s und sicher ist. Teilen Sie Ihre Erfahrung mit CyberGhost VPN und schreiben Sie einen Kommentar unter diesem Test. \u00dcber CyberGhost VPN Dies ist ein kompakter &#8230; <a title=\"CyberGhost VPN Erfahrungen: Betrug oder seri\u00f6s?\" class=\"read-more\" href=\"https:\/\/www.hostingscams.com\/de\/cyberghost-vpn\/\" aria-label=\"Mehr Informationen \u00fcber CyberGhost VPN Erfahrungen: Betrug oder seri\u00f6s?\">Weiterlesen<\/a><\/p>\n","protected":false},"author":2,"featured_media":0,"parent":0,"menu_order":0,"comment_status":"open","ping_status":"closed","template":"","meta":{"footnotes":""},"class_list":["post-327","page","type-page","status-publish"],"_links":{"self":[{"href":"https:\/\/www.hostingscams.com\/de\/wp-json\/wp\/v2\/pages\/327","targetHints":{"allow":["GET"]}}],"collection":[{"href":"https:\/\/www.hostingscams.com\/de\/wp-json\/wp\/v2\/pages"}],"about":[{"href":"https:\/\/www.hostingscams.com\/de\/wp-json\/wp\/v2\/types\/page"}],"author":[{"embeddable":true,"href":"https:\/\/www.hostingscams.com\/de\/wp-json\/wp\/v2\/users\/2"}],"replies":[{"embeddable":true,"href":"https:\/\/www.hostingscams.com\/de\/wp-json\/wp\/v2\/comments?post=327"}],"version-history":[{"count":0,"href":"https:\/\/www.hostingscams.com\/de\/wp-json\/wp\/v2\/pages\/327\/revisions"}],"wp:attachment":[{"href":"https:\/\/www.hostingscams.com\/de\/wp-json\/wp\/v2\/media?parent=327"}],"curies":[{"name":"wp","href":"https:\/\/api.w.org\/{rel}","templated":true}]}}