{"id":291,"date":"2022-09-04T20:17:07","date_gmt":"2022-09-04T20:17:07","guid":{"rendered":"https:\/\/www.hostingscams.com\/?page_id=291"},"modified":"2023-02-22T17:35:16","modified_gmt":"2023-02-22T17:35:16","slug":"smoozed-com","status":"publish","type":"page","link":"https:\/\/www.hostingscams.com\/de\/smoozed-com\/","title":{"rendered":"SMOOZED.com Erfahrungen: Betrug oder seri\u00f6s?"},"content":{"rendered":"<p><img decoding=\"async\" src=\"https:\/\/www.hostingscams.com\/wp-content\/uploads\/2022\/09\/smoozed-300x149.png\" alt=\"SMOOZED.com\" width=\"300\" height=\"149\" class=\"alignright size-medium wp-image-147\" srcset=\"https:\/\/www.hostingscams.com\/wp-content\/uploads\/2022\/09\/smoozed-300x149.png 300w, https:\/\/www.hostingscams.com\/wp-content\/uploads\/2022\/09\/smoozed-1024x510.png 1024w, https:\/\/www.hostingscams.com\/wp-content\/uploads\/2022\/09\/smoozed-768x382.png 768w, https:\/\/www.hostingscams.com\/wp-content\/uploads\/2022\/09\/smoozed-1536x765.png 1536w, https:\/\/www.hostingscams.com\/wp-content\/uploads\/2022\/09\/smoozed-2048x1020.png 2048w\" sizes=\"(max-width: 300px) 100vw, 300px\" \/>SMOOZED.com ist ein bekannter und beliebter Multihoster aus der Schweiz.<\/p>\n<p>Ist SMOOZED.com Betrug oder Abzocke?<\/p>\n<p>Nein, nach unseren Erfahrungen und unserem Test k\u00f6nnen wir sagen, dass <strong>SMOOZED.com seri\u00f6s und sicher ist<\/strong>.<\/p>\n<p>Teilen Sie Ihre Erfahrung mit SMOOZED.com und <a href=\"#comments\">schreiben Sie einen Kommentar<\/a> unter diesem Test.<\/p>\n<h2 id=\"about\">\u00dcber SMOOZED.com<\/h2>\n<p>Dies ist ein kompakter \u00dcberblick mit allen wissenswerten Informationen \u00fcber SMOOZED.com:<\/p>\n<table>\n<caption><u>\u00dcberblick \u00fcber SMOOZED.com<\/u><\/caption>\n<tbody>\n<tr>\n<th>Name<\/th>\n<td>SMOOZED.com<\/td>\n<\/tr>\n<tr>\n<th>Webseite<\/th>\n<td><a href=\"https:\/\/www.smoozed.com\/\" target=\"_blank\" rel=\"noopener\">www.smoozed.com<\/a><\/td>\n<\/tr>\n<tr>\n<th>Unternehmen<\/th>\n<td>SMOOZED AG<\/td>\n<\/tr>\n<tr>\n<th>Adresse<\/th>\n<td>Morgartenstrasse 3, 6003 Luzern, Schweiz<\/td>\n<\/tr>\n<tr>\n<th>Gesch\u00e4ftsf\u00fchrer<\/th>\n<td>Seyid Dogan<\/td>\n<\/tr>\n<tr>\n<th>Gr\u00fcnder<\/th>\n<td>unknown<\/td>\n<\/tr>\n<tr>\n<th>Gr\u00fcndung<\/th>\n<td>2015<\/td>\n<\/tr>\n<tr>\n<th>Kontakt<\/th>\n<td>Mail, Telefon, Kontaktformular<\/td>\n<\/tr>\n<tr>\n<th>Services<\/th>\n<td>Multihost, VPN<\/td>\n<\/tr>\n<tr>\n<th>Filehosts<\/th>\n<td>mehr als 40 Filehosts unterst\u00fctzt<\/td>\n<\/tr>\n<tr>\n<th>Preis<\/th>\n<td>3,33\u20ac pro Monat in dem Jahres-Abo, 5,00\u20ac pro Monat in dem Halbjahres-Abo, 9,95\u20ac pro Monat in dem Monats-Abo, 3-Tage Geld zur\u00fcck Garantie (wenn nicht mehr als 6 Links heruntergeladen wurden)<\/td>\n<\/tr>\n<tr>\n<th>Zahlungsmethoden<\/th>\n<td>PayPal<\/td>\n<\/tr>\n<tr>\n<th>Gutschein<\/th>\n<td>aktuell ist kein Gutschein verf\u00fcgbar<\/td>\n<\/tr>\n<tr>\n<th>Sprachen<\/th>\n<td>Deutsch, Englisch<\/td>\n<\/tr>\n<\/tbody>\n<\/table>\n","protected":false},"excerpt":{"rendered":"<p>SMOOZED.com ist ein bekannter und beliebter Multihoster aus der Schweiz. Ist SMOOZED.com Betrug oder Abzocke? Nein, nach unseren Erfahrungen und unserem Test k\u00f6nnen wir sagen, dass SMOOZED.com seri\u00f6s und sicher ist. Teilen Sie Ihre Erfahrung mit SMOOZED.com und schreiben Sie einen Kommentar unter diesem Test. \u00dcber SMOOZED.com Dies ist ein kompakter \u00dcberblick mit allen wissenswerten &#8230; <a title=\"SMOOZED.com Erfahrungen: Betrug oder seri\u00f6s?\" class=\"read-more\" href=\"https:\/\/www.hostingscams.com\/de\/smoozed-com\/\" aria-label=\"Mehr Informationen \u00fcber SMOOZED.com Erfahrungen: Betrug oder seri\u00f6s?\">Weiterlesen<\/a><\/p>\n","protected":false},"author":3,"featured_media":0,"parent":0,"menu_order":0,"comment_status":"open","ping_status":"closed","template":"","meta":{"footnotes":""},"class_list":["post-291","page","type-page","status-publish"],"_links":{"self":[{"href":"https:\/\/www.hostingscams.com\/de\/wp-json\/wp\/v2\/pages\/291","targetHints":{"allow":["GET"]}}],"collection":[{"href":"https:\/\/www.hostingscams.com\/de\/wp-json\/wp\/v2\/pages"}],"about":[{"href":"https:\/\/www.hostingscams.com\/de\/wp-json\/wp\/v2\/types\/page"}],"author":[{"embeddable":true,"href":"https:\/\/www.hostingscams.com\/de\/wp-json\/wp\/v2\/users\/3"}],"replies":[{"embeddable":true,"href":"https:\/\/www.hostingscams.com\/de\/wp-json\/wp\/v2\/comments?post=291"}],"version-history":[{"count":0,"href":"https:\/\/www.hostingscams.com\/de\/wp-json\/wp\/v2\/pages\/291\/revisions"}],"wp:attachment":[{"href":"https:\/\/www.hostingscams.com\/de\/wp-json\/wp\/v2\/media?parent=291"}],"curies":[{"name":"wp","href":"https:\/\/api.w.org\/{rel}","templated":true}]}}