{"id":290,"date":"2022-09-04T20:16:00","date_gmt":"2022-09-04T20:16:00","guid":{"rendered":"https:\/\/www.hostingscams.com\/?page_id=290"},"modified":"2023-02-22T17:35:58","modified_gmt":"2023-02-22T17:35:58","slug":"offcloud-com","status":"publish","type":"page","link":"https:\/\/www.hostingscams.com\/de\/offcloud-com\/","title":{"rendered":"Offcloud.com Erfahrungen: Betrug oder seri\u00f6s?"},"content":{"rendered":"<p><img decoding=\"async\" src=\"https:\/\/www.hostingscams.com\/wp-content\/uploads\/2022\/09\/offcloud-com-300x151.png\" alt=\"Offcloud.com\" width=\"300\" height=\"151\" class=\"alignright size-medium wp-image-160\" srcset=\"https:\/\/www.hostingscams.com\/wp-content\/uploads\/2022\/09\/offcloud-com-300x151.png 300w, https:\/\/www.hostingscams.com\/wp-content\/uploads\/2022\/09\/offcloud-com-1024x515.png 1024w, https:\/\/www.hostingscams.com\/wp-content\/uploads\/2022\/09\/offcloud-com-768x386.png 768w, https:\/\/www.hostingscams.com\/wp-content\/uploads\/2022\/09\/offcloud-com-1536x773.png 1536w, https:\/\/www.hostingscams.com\/wp-content\/uploads\/2022\/09\/offcloud-com-2048x1030.png 2048w\" sizes=\"(max-width: 300px) 100vw, 300px\" \/>Offcloud.com ist ein bekannter und beliebter Multihoster aus Bulgarien.<\/p>\n<p>Ist Offcloud.com Betrug oder Abzocke?<\/p>\n<p>Nein, nach unseren Erfahrungen und unserem Test k\u00f6nnen wir sagen, dass <strong>Offcloud.com seri\u00f6s und sicher ist<\/strong>.<\/p>\n<p>Teilen Sie Ihre Erfahrung mit Offcloud.com und <a href=\"#comments\">schreiben Sie einen Kommentar<\/a> unter diesem Test.<\/p>\n<h2 id=\"about\">\u00dcber Offcloud.com<\/h2>\n<p>Dies ist ein kompakter \u00dcberblick mit allen wissenswerten Informationen \u00fcber Offcloud.com:<\/p>\n<table>\n<caption><u>\u00dcberblick \u00fcber Offcloud.com<\/u><\/caption>\n<tbody>\n<tr>\n<th>Name<\/th>\n<td>Offcloud.com<\/td>\n<\/tr>\n<tr>\n<th>Webseite<\/th>\n<td><a href=\"https:\/\/offcloud.com\/\" target=\"_blank\" rel=\"noopener\">offcloud.com<\/a><\/td>\n<\/tr>\n<tr>\n<th>Unternehmen<\/th>\n<td>Alphaweb Ltd.<\/td>\n<\/tr>\n<tr>\n<th>Adresse<\/th>\n<td>Stefan Verkovich Str. 10, 4000 Kapana, Plovdiv, Bulgarien<\/td>\n<\/tr>\n<tr>\n<th>Gesch\u00e4ftsf\u00fchrer<\/th>\n<td>unknown<\/td>\n<\/tr>\n<tr>\n<th>Gr\u00fcnder<\/th>\n<td>unknown<\/td>\n<\/tr>\n<tr>\n<th>Gr\u00fcndung<\/th>\n<td>2015<\/td>\n<\/tr>\n<tr>\n<th>Kontakt<\/th>\n<td>Kontaktformular<\/td>\n<\/tr>\n<tr>\n<th>Services<\/th>\n<td>Multihost, Video Downloads, Dateiumwandlungen<\/td>\n<\/tr>\n<tr>\n<th>Filehosts<\/th>\n<td>mehr als 190 Filehosts und mehr als 30 Video Streaming Seiten unterst\u00fctzt<\/td>\n<\/tr>\n<tr>\n<th>Preis<\/th>\n<td>$5,84 pro Monat in dem Jahres-Abo, $9,99 in dem Monats-Abo, 3-Tage Geld zur\u00fcck Garantie (wenn nicht mehr als 6 Links heruntergeladen wurden)<\/td>\n<\/tr>\n<tr>\n<th>Zahlungsmethoden<\/th>\n<td>Kreditkarte, PayPal, Alipay, Sofort, Telefon Zahlung, SMS Zahlung, Bitcoin<\/td>\n<\/tr>\n<tr>\n<th>Gutschein<\/th>\n<td>aktuell ist kein Gutschein verf\u00fcgbar<\/td>\n<\/tr>\n<tr>\n<th>Sprachen<\/th>\n<td>Englisch<\/td>\n<\/tr>\n<\/tbody>\n<\/table>\n","protected":false},"excerpt":{"rendered":"<p>Offcloud.com ist ein bekannter und beliebter Multihoster aus Bulgarien. Ist Offcloud.com Betrug oder Abzocke? Nein, nach unseren Erfahrungen und unserem Test k\u00f6nnen wir sagen, dass Offcloud.com seri\u00f6s und sicher ist. Teilen Sie Ihre Erfahrung mit Offcloud.com und schreiben Sie einen Kommentar unter diesem Test. \u00dcber Offcloud.com Dies ist ein kompakter \u00dcberblick mit allen wissenswerten Informationen &#8230; <a title=\"Offcloud.com Erfahrungen: Betrug oder seri\u00f6s?\" class=\"read-more\" href=\"https:\/\/www.hostingscams.com\/de\/offcloud-com\/\" aria-label=\"Mehr Informationen \u00fcber Offcloud.com Erfahrungen: Betrug oder seri\u00f6s?\">Weiterlesen<\/a><\/p>\n","protected":false},"author":2,"featured_media":0,"parent":0,"menu_order":0,"comment_status":"open","ping_status":"closed","template":"","meta":{"footnotes":""},"class_list":["post-290","page","type-page","status-publish"],"_links":{"self":[{"href":"https:\/\/www.hostingscams.com\/de\/wp-json\/wp\/v2\/pages\/290","targetHints":{"allow":["GET"]}}],"collection":[{"href":"https:\/\/www.hostingscams.com\/de\/wp-json\/wp\/v2\/pages"}],"about":[{"href":"https:\/\/www.hostingscams.com\/de\/wp-json\/wp\/v2\/types\/page"}],"author":[{"embeddable":true,"href":"https:\/\/www.hostingscams.com\/de\/wp-json\/wp\/v2\/users\/2"}],"replies":[{"embeddable":true,"href":"https:\/\/www.hostingscams.com\/de\/wp-json\/wp\/v2\/comments?post=290"}],"version-history":[{"count":0,"href":"https:\/\/www.hostingscams.com\/de\/wp-json\/wp\/v2\/pages\/290\/revisions"}],"wp:attachment":[{"href":"https:\/\/www.hostingscams.com\/de\/wp-json\/wp\/v2\/media?parent=290"}],"curies":[{"name":"wp","href":"https:\/\/api.w.org\/{rel}","templated":true}]}}