{"id":279,"date":"2022-09-04T20:16:04","date_gmt":"2022-09-04T20:16:04","guid":{"rendered":"https:\/\/www.hostingscams.com\/?page_id=279"},"modified":"2023-02-22T17:34:49","modified_gmt":"2023-02-22T17:34:49","slug":"linkifier","status":"publish","type":"page","link":"https:\/\/www.hostingscams.com\/de\/linkifier\/","title":{"rendered":"Linkifier Erfahrungen: Betrug oder seri\u00f6s?"},"content":{"rendered":"<p><img decoding=\"async\" class=\"alignright size-medium wp-image-143\" src=\"https:\/\/www.hostingscams.com\/wp-content\/uploads\/2022\/09\/linkifier-300x151.png\" alt=\"Linkifier\" width=\"300\" height=\"151\" srcset=\"https:\/\/www.hostingscams.com\/wp-content\/uploads\/2022\/09\/linkifier-300x151.png 300w, https:\/\/www.hostingscams.com\/wp-content\/uploads\/2022\/09\/linkifier-1024x515.png 1024w, https:\/\/www.hostingscams.com\/wp-content\/uploads\/2022\/09\/linkifier-768x386.png 768w, https:\/\/www.hostingscams.com\/wp-content\/uploads\/2022\/09\/linkifier-1536x773.png 1536w, https:\/\/www.hostingscams.com\/wp-content\/uploads\/2022\/09\/linkifier-2048x1030.png 2048w\" sizes=\"(max-width: 300px) 100vw, 300px\" \/>Linkifier ist ein bekannter und beliebter Multihoster.<\/p>\n<p>Ist Linkifier Betrug oder Abzocke?<\/p>\n<p>Nein, nach unseren Erfahrungen und unserem Test k\u00f6nnen wir sagen, dass <strong>Linkifier seri\u00f6s und sicher ist<\/strong>.<\/p>\n<p>Teilen Sie Ihre Erfahrung mit Linkifier und <a href=\"#comments\">schreiben Sie einen Kommentar<\/a> unter diesem Test.<\/p>\n<h2 id=\"about\">\u00dcber Linkifier<\/h2>\n<p>Dies ist ein kompakter \u00dcberblick mit allen wissenswerten Informationen \u00fcber Linkifier:<\/p>\n<table>\n<caption><u>\u00dcberblick \u00fcber Linkifier<\/u><\/caption>\n<tbody>\n<tr>\n<th>Name<\/th>\n<td>Linkifier<\/td>\n<\/tr>\n<tr>\n<th>Webseite<\/th>\n<td><a href=\"https:\/\/linkifier.com\/landing\/\" target=\"_blank\" rel=\"noopener\">linkifier.com<\/a><\/td>\n<\/tr>\n<tr>\n<th>Unternehmen<\/th>\n<td>unbekannt<\/td>\n<\/tr>\n<tr>\n<th>Adresse<\/th>\n<td>unbekannt<\/td>\n<\/tr>\n<tr>\n<th>Gesch\u00e4ftsf\u00fchrer<\/th>\n<td>unbekannt<\/td>\n<\/tr>\n<tr>\n<th>Gr\u00fcnder<\/th>\n<td>unbekannt<\/td>\n<\/tr>\n<tr>\n<th>Gr\u00fcndung<\/th>\n<td>2015<\/td>\n<\/tr>\n<tr>\n<th>Kontakt<\/th>\n<td>Mail, Kontaktformular<\/td>\n<\/tr>\n<tr>\n<th>Services<\/th>\n<td>Multihost<\/td>\n<\/tr>\n<tr>\n<th>Filehosts<\/th>\n<td>mehr als 80 Filehosts unterst\u00fctzt<\/td>\n<\/tr>\n<tr>\n<th>Preis<\/th>\n<td>$6,25 pro Monat in dem 2-Jahres-Abo, $7,09 pro Monat in dem Jahres-Abo, $7,50 pro Monat in dem Halbjahres-Abo, $9,00 pro Monat in dem 3-Monats-Abo, $9,99 pro Monat in dem Monats-Abo, 3-Tage Geld zur\u00fcck Garantie (wenn nicht mehr als 6 Links heruntergeladen wurden)<\/td>\n<\/tr>\n<tr>\n<th>Zahlungsmethoden<\/th>\n<td>Kreditkarte, PayPal, paysafecard, Bitcoin<\/td>\n<\/tr>\n<tr>\n<th>Gutschein<\/th>\n<td>aktuell ist kein Gutschein verf\u00fcgbar<\/td>\n<\/tr>\n<tr>\n<th>Sprachen<\/th>\n<td>Englisch<\/td>\n<\/tr>\n<\/tbody>\n<\/table>\n","protected":false},"excerpt":{"rendered":"<p>Linkifier ist ein bekannter und beliebter Multihoster. Ist Linkifier Betrug oder Abzocke? Nein, nach unseren Erfahrungen und unserem Test k\u00f6nnen wir sagen, dass Linkifier seri\u00f6s und sicher ist. Teilen Sie Ihre Erfahrung mit Linkifier und schreiben Sie einen Kommentar unter diesem Test. \u00dcber Linkifier Dies ist ein kompakter \u00dcberblick mit allen wissenswerten Informationen \u00fcber Linkifier: &#8230; <a title=\"Linkifier Erfahrungen: Betrug oder seri\u00f6s?\" class=\"read-more\" href=\"https:\/\/www.hostingscams.com\/de\/linkifier\/\" aria-label=\"Mehr Informationen \u00fcber Linkifier Erfahrungen: Betrug oder seri\u00f6s?\">Weiterlesen<\/a><\/p>\n","protected":false},"author":2,"featured_media":0,"parent":0,"menu_order":0,"comment_status":"open","ping_status":"closed","template":"","meta":{"footnotes":""},"class_list":["post-279","page","type-page","status-publish"],"_links":{"self":[{"href":"https:\/\/www.hostingscams.com\/de\/wp-json\/wp\/v2\/pages\/279","targetHints":{"allow":["GET"]}}],"collection":[{"href":"https:\/\/www.hostingscams.com\/de\/wp-json\/wp\/v2\/pages"}],"about":[{"href":"https:\/\/www.hostingscams.com\/de\/wp-json\/wp\/v2\/types\/page"}],"author":[{"embeddable":true,"href":"https:\/\/www.hostingscams.com\/de\/wp-json\/wp\/v2\/users\/2"}],"replies":[{"embeddable":true,"href":"https:\/\/www.hostingscams.com\/de\/wp-json\/wp\/v2\/comments?post=279"}],"version-history":[{"count":0,"href":"https:\/\/www.hostingscams.com\/de\/wp-json\/wp\/v2\/pages\/279\/revisions"}],"wp:attachment":[{"href":"https:\/\/www.hostingscams.com\/de\/wp-json\/wp\/v2\/media?parent=279"}],"curies":[{"name":"wp","href":"https:\/\/api.w.org\/{rel}","templated":true}]}}