{"id":256,"date":"2022-05-21T16:45:28","date_gmt":"2022-05-21T16:45:28","guid":{"rendered":"https:\/\/www.hostingscams.com\/welcome-on-hostingscams-com\/"},"modified":"2023-02-22T17:36:04","modified_gmt":"2023-02-22T17:36:04","slug":"welcome-on-hostingscams-com","status":"publish","type":"page","link":"https:\/\/www.hostingscams.com\/de\/","title":{"rendered":"Willkommen auf Hostingscams.com!"},"content":{"rendered":"<p>Herzlich Willkommen,<\/p>\n<p>sch\u00f6n, dass Sie Ihren Weg auf <strong>meine neue Webseite Hostingscams.com<\/strong> gefunden haben!<\/p>\n<p>Es gibt Hunderte von Hosting Services und Internet Service Providern (ISPs) da drau\u00dfen. And um <strong>die Spreu vom Weizen zu trennen und vom Betrug<\/strong>, habe ich Hostingscams.com gegr\u00fcndet.<\/p>\n<p>Auf dieser Webseite finden Sie jedes Detail \u00fcber einen Hoster und Sie k\u00f6nnen <strong>Ihre positive oder negative Erfahrung \u00fcber den Hosting Service teilen<\/strong>, den Sie aktuell nutzen. Dies wird anderen Besuchern helfen, wenn diese nach neuen Dienstleistungen suchen und <strong>wird sie davor sch\u00fctzen, einem Betrug aufzusitzen<\/strong>.<\/p>\n<p>Aktuell ist diese Webseite noch sehr neu und wird Seite f\u00fcr Seite erweitert.<\/p>\n<p>Falls ein Hosting Provider aktuell noch fehlt oder Sie eine Anregung f\u00fcr diese Webseite haben, dann schreiben Sie mir gerne <a href=\"https:\/\/www.hostingscams.com\/de\/kontakt\/\">\u00fcber das Kontaktformular<\/a>.<\/p>\n<p>Ihr Marko Eisenberg (Autor) und Nicholas Ambrose (Gr\u00fcnder)<\/p>\n","protected":false},"excerpt":{"rendered":"<p>Herzlich Willkommen, sch\u00f6n, dass Sie Ihren Weg auf meine neue Webseite Hostingscams.com gefunden haben! Es gibt Hunderte von Hosting Services und Internet Service Providern (ISPs) da drau\u00dfen. And um die Spreu vom Weizen zu trennen und vom Betrug, habe ich Hostingscams.com gegr\u00fcndet. Auf dieser Webseite finden Sie jedes Detail \u00fcber einen Hoster und Sie k\u00f6nnen &#8230; <a title=\"Willkommen auf Hostingscams.com!\" class=\"read-more\" href=\"https:\/\/www.hostingscams.com\/de\/\" aria-label=\"Mehr Informationen \u00fcber Willkommen auf Hostingscams.com!\">Weiterlesen<\/a><\/p>\n","protected":false},"author":2,"featured_media":0,"parent":0,"menu_order":0,"comment_status":"closed","ping_status":"closed","template":"","meta":{"footnotes":""},"class_list":["post-256","page","type-page","status-publish"],"_links":{"self":[{"href":"https:\/\/www.hostingscams.com\/de\/wp-json\/wp\/v2\/pages\/256","targetHints":{"allow":["GET"]}}],"collection":[{"href":"https:\/\/www.hostingscams.com\/de\/wp-json\/wp\/v2\/pages"}],"about":[{"href":"https:\/\/www.hostingscams.com\/de\/wp-json\/wp\/v2\/types\/page"}],"author":[{"embeddable":true,"href":"https:\/\/www.hostingscams.com\/de\/wp-json\/wp\/v2\/users\/2"}],"replies":[{"embeddable":true,"href":"https:\/\/www.hostingscams.com\/de\/wp-json\/wp\/v2\/comments?post=256"}],"version-history":[{"count":0,"href":"https:\/\/www.hostingscams.com\/de\/wp-json\/wp\/v2\/pages\/256\/revisions"}],"wp:attachment":[{"href":"https:\/\/www.hostingscams.com\/de\/wp-json\/wp\/v2\/media?parent=256"}],"curies":[{"name":"wp","href":"https:\/\/api.w.org\/{rel}","templated":true}]}}